{"id":1721,"date":"2023-05-02T15:40:13","date_gmt":"2023-05-02T15:40:13","guid":{"rendered":"https:\/\/lemmaco.com\/product\/gpx-plus\/"},"modified":"2024-03-13T15:31:07","modified_gmt":"2024-03-13T15:31:07","slug":"gpx-plus","status":"publish","type":"product","link":"https:\/\/lemmaco.com\/ro\/produs\/gpx-plus\/","title":{"rendered":"GPX+"},"content":{"rendered":"<p>Seria GPX este potrivit\u0103 pentru a tip\u0103ri la viteze mari, abilit\u0103\u021bi mari de acoperire cu claritate excelent\u0103. Are rezisten\u021b\u0103 foarte bun\u0103 la zg\u00e2rieturi, abraziune, umiditate \u0219i \u00eenghe\u021b.<\/p>\n","protected":false},"excerpt":{"rendered":"<p>Seria GPX este potrivit\u0103 pentru a tip\u0103ri la viteze mari, abilit\u0103\u021bi mari de acoperire cu claritate excelent\u0103. Are rezisten\u021b\u0103 foarte bun\u0103 la zg\u00e2rieturi, abraziune, umiditate \u0219i \u00eenghe\u021b.<\/p>\n","protected":false},"featured_media":0,"comment_status":"open","ping_status":"closed","template":"","meta":{"om_disable_all_campaigns":false,"_monsterinsights_skip_tracking":false,"_monsterinsights_sitenote_active":false,"_monsterinsights_sitenote_note":"","_monsterinsights_sitenote_category":0},"product_cat":[192,207],"product_tag":[],"class_list":{"0":"post-1721","1":"product","2":"type-product","3":"status-publish","5":"product_cat-folii-de-codare","6":"product_cat-folii-pigmentate","8":"first","9":"instock","10":"shipping-taxable","11":"product-type-simple"},"acf":[],"aioseo_notices":[],"_links":{"self":[{"href":"https:\/\/lemmaco.com\/ro\/wp-json\/wp\/v2\/product\/1721","targetHints":{"allow":["GET"]}}],"collection":[{"href":"https:\/\/lemmaco.com\/ro\/wp-json\/wp\/v2\/product"}],"about":[{"href":"https:\/\/lemmaco.com\/ro\/wp-json\/wp\/v2\/types\/product"}],"replies":[{"embeddable":true,"href":"https:\/\/lemmaco.com\/ro\/wp-json\/wp\/v2\/comments?post=1721"}],"wp:attachment":[{"href":"https:\/\/lemmaco.com\/ro\/wp-json\/wp\/v2\/media?parent=1721"}],"wp:term":[{"taxonomy":"product_cat","embeddable":true,"href":"https:\/\/lemmaco.com\/ro\/wp-json\/wp\/v2\/product_cat?post=1721"},{"taxonomy":"product_tag","embeddable":true,"href":"https:\/\/lemmaco.com\/ro\/wp-json\/wp\/v2\/product_tag?post=1721"}],"curies":[{"name":"wp","href":"https:\/\/api.w.org\/{rel}","templated":true}]}}