{"id":1458,"date":"2023-05-02T12:40:33","date_gmt":"2023-05-02T12:40:33","guid":{"rendered":"https:\/\/lemmaco.com\/product\/100-micron\/"},"modified":"2024-02-09T18:01:46","modified_gmt":"2024-02-09T18:01:46","slug":"100-micron","status":"publish","type":"product","link":"https:\/\/lemmaco.com\/ro\/produs\/100-micron\/","title":{"rendered":"100 micron"},"content":{"rendered":"<p><span id=\"page3R_mcid4\" class=\"markedContent\"><\/span>Film transparent din poliester este conceput pentru diverse utiliz\u0103ri industriale. Are stabilitate excelent\u0103 la alunecare pe o gam\u0103 larg\u0103 de temperaturi.<\/p>\n","protected":false},"excerpt":{"rendered":"<p>Film transparent din poliester este conceput pentru diverse utiliz\u0103ri industriale. Are stabilitate excelent\u0103 la alunecare pe o gam\u0103 larg\u0103 de temperaturi.<\/p>\n","protected":false},"featured_media":0,"comment_status":"open","ping_status":"closed","template":"","meta":{"om_disable_all_campaigns":false,"_monsterinsights_skip_tracking":false,"_monsterinsights_sitenote_active":false,"_monsterinsights_sitenote_note":"","_monsterinsights_sitenote_category":0},"product_cat":[214],"product_tag":[],"class_list":{"0":"post-1458","1":"product","2":"type-product","3":"status-publish","5":"product_cat-folii-pentru-ferestre","7":"first","8":"instock","9":"shipping-taxable","10":"product-type-simple"},"acf":[],"aioseo_notices":[],"_links":{"self":[{"href":"https:\/\/lemmaco.com\/ro\/wp-json\/wp\/v2\/product\/1458","targetHints":{"allow":["GET"]}}],"collection":[{"href":"https:\/\/lemmaco.com\/ro\/wp-json\/wp\/v2\/product"}],"about":[{"href":"https:\/\/lemmaco.com\/ro\/wp-json\/wp\/v2\/types\/product"}],"replies":[{"embeddable":true,"href":"https:\/\/lemmaco.com\/ro\/wp-json\/wp\/v2\/comments?post=1458"}],"wp:attachment":[{"href":"https:\/\/lemmaco.com\/ro\/wp-json\/wp\/v2\/media?parent=1458"}],"wp:term":[{"taxonomy":"product_cat","embeddable":true,"href":"https:\/\/lemmaco.com\/ro\/wp-json\/wp\/v2\/product_cat?post=1458"},{"taxonomy":"product_tag","embeddable":true,"href":"https:\/\/lemmaco.com\/ro\/wp-json\/wp\/v2\/product_tag?post=1458"}],"curies":[{"name":"wp","href":"https:\/\/api.w.org\/{rel}","templated":true}]}}