{"id":1452,"date":"2023-04-06T08:45:26","date_gmt":"2023-04-06T08:45:26","guid":{"rendered":"https:\/\/lemmaco.com\/product\/digital-gloss\/"},"modified":"2024-04-02T14:35:33","modified_gmt":"2024-04-02T14:35:33","slug":"digital-gloss","status":"publish","type":"product","link":"https:\/\/lemmaco.com\/ro\/produs\/digital-gloss\/","title":{"rendered":"Folie lucioas\u0103 termal\u0103 digital\u0103"},"content":{"rendered":"<p>Aceast\u0103 folie lucioas\u0103 de copolimer de polipropilen\u0103 este destinat\u0103 utiliz\u0103rii pentru laminarea materialelor tip\u0103rite \u0219i la procesul de finisare a tip\u0103ririi. Aderen\u021ba se realizeaz\u0103 prin reactivarea r\u0103\u0219inilor sensibile la c\u0103ldur\u0103 din elementul de copolimer.<\/p>\n","protected":false},"excerpt":{"rendered":"<p>Aceast\u0103 folie lucioas\u0103 de copolimer de polipropilen\u0103 este destinat\u0103 utiliz\u0103rii pentru laminarea materialelor tip\u0103rite \u0219i la procesul de finisare a tip\u0103ririi. Aderen\u021ba se realizeaz\u0103 prin reactivarea r\u0103\u0219inilor sensibile la c\u0103ldur\u0103 din elementul de copolimer.<\/p>\n","protected":false},"featured_media":0,"comment_status":"open","ping_status":"closed","template":"","meta":{"om_disable_all_campaigns":false,"_monsterinsights_skip_tracking":false,"_monsterinsights_sitenote_active":false,"_monsterinsights_sitenote_note":"","_monsterinsights_sitenote_category":0},"product_cat":[209],"product_tag":[],"class_list":{"0":"post-1452","1":"product","2":"type-product","3":"status-publish","5":"product_cat-folii-termale","7":"first","8":"instock","9":"shipping-taxable","10":"product-type-simple"},"acf":[],"aioseo_notices":[],"_links":{"self":[{"href":"https:\/\/lemmaco.com\/ro\/wp-json\/wp\/v2\/product\/1452","targetHints":{"allow":["GET"]}}],"collection":[{"href":"https:\/\/lemmaco.com\/ro\/wp-json\/wp\/v2\/product"}],"about":[{"href":"https:\/\/lemmaco.com\/ro\/wp-json\/wp\/v2\/types\/product"}],"replies":[{"embeddable":true,"href":"https:\/\/lemmaco.com\/ro\/wp-json\/wp\/v2\/comments?post=1452"}],"wp:attachment":[{"href":"https:\/\/lemmaco.com\/ro\/wp-json\/wp\/v2\/media?parent=1452"}],"wp:term":[{"taxonomy":"product_cat","embeddable":true,"href":"https:\/\/lemmaco.com\/ro\/wp-json\/wp\/v2\/product_cat?post=1452"},{"taxonomy":"product_tag","embeddable":true,"href":"https:\/\/lemmaco.com\/ro\/wp-json\/wp\/v2\/product_tag?post=1452"}],"curies":[{"name":"wp","href":"https:\/\/api.w.org\/{rel}","templated":true}]}}