{"id":1451,"date":"2023-04-06T08:44:16","date_gmt":"2023-04-06T08:44:16","guid":{"rendered":"https:\/\/lemmaco.com\/product\/metalized-silver\/"},"modified":"2024-03-25T09:04:13","modified_gmt":"2024-03-25T09:04:13","slug":"metalized-silver","status":"publish","type":"product","link":"https:\/\/lemmaco.com\/ro\/produs\/metalized-silver\/","title":{"rendered":"Folie (PET) termal\u0103 metalizat\u0103 Argintie \u0219i Aurie"},"content":{"rendered":"<p>Film din poliester metalizat cu tratament chimic. Cealalt\u0103 parte este acoperit\u0103 prin extrudare cu r\u0103\u0219in\u0103 de topire la temperatur\u0103 joas\u0103. Acest film este potrivit pentru toate h\u00e2rtiile \u021bi cartoane tip\u0103rite \u0219i netip\u0103rite. Rezisten\u021b\u0103 excelent\u0103 la zg\u00e2rieturi, \u0219i rupere. Foliile aurie\/argintie prezint\u0103 tip\u0103rire excelent\u0103 dup\u0103 laminare.<\/p>\n","protected":false},"excerpt":{"rendered":"<p>Film din poliester metalizat cu tratament chimic. Cealalt\u0103 parte este acoperit\u0103 prin extrudare cu r\u0103\u0219in\u0103 de topire la temperatur\u0103 joas\u0103. Acest film este potrivit pentru toate h\u00e2rtiile \u021bi cartoane tip\u0103rite \u0219i netip\u0103rite. Rezisten\u021b\u0103 excelent\u0103 la zg\u00e2rieturi, \u0219i rupere. Foliile aurie\/argintie prezint\u0103 tip\u0103rire excelent\u0103 dup\u0103 laminare.<\/p>\n","protected":false},"featured_media":0,"comment_status":"open","ping_status":"closed","template":"","meta":{"om_disable_all_campaigns":false,"_monsterinsights_skip_tracking":false,"_monsterinsights_sitenote_active":false,"_monsterinsights_sitenote_note":"","_monsterinsights_sitenote_category":0},"product_cat":[209],"product_tag":[],"class_list":{"0":"post-1451","1":"product","2":"type-product","3":"status-publish","5":"product_cat-folii-termale","7":"first","8":"instock","9":"shipping-taxable","10":"product-type-simple"},"acf":[],"aioseo_notices":[],"_links":{"self":[{"href":"https:\/\/lemmaco.com\/ro\/wp-json\/wp\/v2\/product\/1451","targetHints":{"allow":["GET"]}}],"collection":[{"href":"https:\/\/lemmaco.com\/ro\/wp-json\/wp\/v2\/product"}],"about":[{"href":"https:\/\/lemmaco.com\/ro\/wp-json\/wp\/v2\/types\/product"}],"replies":[{"embeddable":true,"href":"https:\/\/lemmaco.com\/ro\/wp-json\/wp\/v2\/comments?post=1451"}],"wp:attachment":[{"href":"https:\/\/lemmaco.com\/ro\/wp-json\/wp\/v2\/media?parent=1451"}],"wp:term":[{"taxonomy":"product_cat","embeddable":true,"href":"https:\/\/lemmaco.com\/ro\/wp-json\/wp\/v2\/product_cat?post=1451"},{"taxonomy":"product_tag","embeddable":true,"href":"https:\/\/lemmaco.com\/ro\/wp-json\/wp\/v2\/product_tag?post=1451"}],"curies":[{"name":"wp","href":"https:\/\/api.w.org\/{rel}","templated":true}]}}