{"id":1443,"date":"2023-04-06T08:42:32","date_gmt":"2023-04-06T08:42:32","guid":{"rendered":"https:\/\/lemmaco.com\/product\/biodegradable-matt\/"},"modified":"2024-03-22T15:40:28","modified_gmt":"2024-03-22T15:40:28","slug":"biodegradable-matt","status":"publish","type":"product","link":"https:\/\/lemmaco.com\/ro\/produs\/biodegradable-matt\/","title":{"rendered":"Folie termal\u0103 mat\u0103 biodegradabil\u0103"},"content":{"rendered":"<p>Filmul este BOPP biodegradabil cu suprafata mata; o suprafa\u021b\u0103 care \u00eembun\u0103t\u0103\u021be\u0219te aspectul produselor laminate. Este o folie din polipropilen\u0103 orientat\u0103 bi-axial, cu extrudare uniform\u0103 acoperit\u0103 cu adezivi pe toat\u0103 suprafa\u021ba filmului. Acest film termic este de nou\u0103 genera\u021bie pentru filmul BOPP, special conceput cu capacitatea de a biodegrada \u00eentregul laminat pentru a se degrada complet. Odat\u0103 ce este aruncat \u00een mediul de terestru deschis, f\u0103r\u0103 substan\u021be nocive \u0219i micro plastice. Reziduul final dup\u0103 biodegradare este CO2, H2O \u0219i biomas\u0103.<\/p>\n","protected":false},"excerpt":{"rendered":"<p>Filmul este BOPP biodegradabil cu suprafata mata; o suprafa\u021b\u0103 care \u00eembun\u0103t\u0103\u021be\u0219te aspectul produselor laminate. Este o folie din polipropilen\u0103 orientat\u0103 bi-axial, cu extrudare uniform\u0103 acoperit\u0103 cu adezivi pe toat\u0103 suprafa\u021ba filmului. Acest film termic este de nou\u0103 genera\u021bie pentru filmul BOPP, special conceput cu capacitatea de a biodegrada \u00eentregul laminat pentru a se degrada complet. [&hellip;]<\/p>\n","protected":false},"featured_media":0,"comment_status":"open","ping_status":"closed","template":"","meta":{"om_disable_all_campaigns":false,"_monsterinsights_skip_tracking":false,"_monsterinsights_sitenote_active":false,"_monsterinsights_sitenote_note":"","_monsterinsights_sitenote_category":0},"product_cat":[209],"product_tag":[],"class_list":{"0":"post-1443","1":"product","2":"type-product","3":"status-publish","5":"product_cat-folii-termale","7":"first","8":"instock","9":"shipping-taxable","10":"product-type-simple"},"acf":[],"aioseo_notices":[],"_links":{"self":[{"href":"https:\/\/lemmaco.com\/ro\/wp-json\/wp\/v2\/product\/1443","targetHints":{"allow":["GET"]}}],"collection":[{"href":"https:\/\/lemmaco.com\/ro\/wp-json\/wp\/v2\/product"}],"about":[{"href":"https:\/\/lemmaco.com\/ro\/wp-json\/wp\/v2\/types\/product"}],"replies":[{"embeddable":true,"href":"https:\/\/lemmaco.com\/ro\/wp-json\/wp\/v2\/comments?post=1443"}],"wp:attachment":[{"href":"https:\/\/lemmaco.com\/ro\/wp-json\/wp\/v2\/media?parent=1443"}],"wp:term":[{"taxonomy":"product_cat","embeddable":true,"href":"https:\/\/lemmaco.com\/ro\/wp-json\/wp\/v2\/product_cat?post=1443"},{"taxonomy":"product_tag","embeddable":true,"href":"https:\/\/lemmaco.com\/ro\/wp-json\/wp\/v2\/product_tag?post=1443"}],"curies":[{"name":"wp","href":"https:\/\/api.w.org\/{rel}","templated":true}]}}