{"id":1439,"date":"2023-04-06T08:40:55","date_gmt":"2023-04-06T08:40:55","guid":{"rendered":"https:\/\/lemmaco.com\/product\/thermal-standard-gloss\/"},"modified":"2024-03-25T09:33:28","modified_gmt":"2024-03-25T09:33:28","slug":"thermal-standard-gloss","status":"publish","type":"product","link":"https:\/\/lemmaco.com\/ro\/produs\/thermal-standard-gloss\/","title":{"rendered":"Thermal Standard Gloss"},"content":{"rendered":"<p>Este o folie simpl\u0103 de polipropilen\u0103 coextrudat\u0103, care este pretratat\u0103 pe o parte cu EVA.<\/p>\n<p>Este folosit pentru laminarea h\u00e2rtiei \u0219i a cartonului tip\u0103rit. Cealalt\u0103 parte este pretratat\u0103 Corona \u0219i prin urmare, poate fi utilizat\u0103 pentru diferite metode de tip\u0103rire. Filmul este apreciat datorit\u0103 luciului \u0219i propriet\u0103\u021bilor sale mecanice bune.<\/p>\n","protected":false},"excerpt":{"rendered":"<p>Este o folie simpl\u0103 de polipropilen\u0103 coextrudat\u0103, care este pretratat\u0103 pe o parte cu EVA. Este folosit pentru laminarea h\u00e2rtiei \u0219i a cartonului tip\u0103rit. Cealalt\u0103 parte este pretratat\u0103 Corona \u0219i prin urmare, poate fi utilizat\u0103 pentru diferite metode de tip\u0103rire. Filmul este apreciat datorit\u0103 luciului \u0219i propriet\u0103\u021bilor sale mecanice bune.<\/p>\n","protected":false},"featured_media":0,"comment_status":"open","ping_status":"closed","template":"","meta":{"om_disable_all_campaigns":false,"_monsterinsights_skip_tracking":false,"_monsterinsights_sitenote_active":false,"_monsterinsights_sitenote_note":"","_monsterinsights_sitenote_category":0},"product_cat":[209],"product_tag":[],"class_list":{"0":"post-1439","1":"product","2":"type-product","3":"status-publish","5":"product_cat-folii-termale","7":"first","8":"instock","9":"shipping-taxable","10":"product-type-simple"},"acf":[],"aioseo_notices":[],"_links":{"self":[{"href":"https:\/\/lemmaco.com\/ro\/wp-json\/wp\/v2\/product\/1439","targetHints":{"allow":["GET"]}}],"collection":[{"href":"https:\/\/lemmaco.com\/ro\/wp-json\/wp\/v2\/product"}],"about":[{"href":"https:\/\/lemmaco.com\/ro\/wp-json\/wp\/v2\/types\/product"}],"replies":[{"embeddable":true,"href":"https:\/\/lemmaco.com\/ro\/wp-json\/wp\/v2\/comments?post=1439"}],"wp:attachment":[{"href":"https:\/\/lemmaco.com\/ro\/wp-json\/wp\/v2\/media?parent=1439"}],"wp:term":[{"taxonomy":"product_cat","embeddable":true,"href":"https:\/\/lemmaco.com\/ro\/wp-json\/wp\/v2\/product_cat?post=1439"},{"taxonomy":"product_tag","embeddable":true,"href":"https:\/\/lemmaco.com\/ro\/wp-json\/wp\/v2\/product_tag?post=1439"}],"curies":[{"name":"wp","href":"https:\/\/api.w.org\/{rel}","templated":true}]}}