{"id":1438,"date":"2023-04-06T08:09:57","date_gmt":"2023-04-06T08:09:57","guid":{"rendered":"https:\/\/lemmaco.com\/product\/wet-velvet-touch\/"},"modified":"2024-02-09T15:02:30","modified_gmt":"2024-02-09T15:02:30","slug":"wet-velvet-touch","status":"publish","type":"product","link":"https:\/\/lemmaco.com\/ro\/produs\/wet-velvet-touch\/","title":{"rendered":"Folie la rece Velvet Touch (catifelat)"},"content":{"rendered":"<p>Film de specialitate cu efect catifelat (neted \u0219i catifelat). Are o claritate excelent\u0103 a contactului, permi\u021b\u00e2nd ca culoarea original\u0103\u00a0 (pantone) s\u0103 fie respectat\u0103 \u0219i intensificat\u0103.<\/p>\n<p>Acest film BOPP ultra mat cu un efect tactil pl\u0103cut \u0219i intens neted, care transmite senza\u021bia de lux \u0219i exclusivitate. Special pentru finisaje precum UV spot, poleire la cald, lipire \u0219i toate tipurile de procese de postlaminare. Claritate excelent\u0103 a contactului \u0219i \u00eembun\u0103t\u0103\u021be\u0219te culorile tip\u0103rite original.<\/p>\n","protected":false},"excerpt":{"rendered":"<p>Film de specialitate cu efect catifelat (neted \u0219i catifelat). Are o claritate excelent\u0103 a contactului, permi\u021b\u00e2nd ca culoarea original\u0103\u00a0 (pantone) s\u0103 fie respectat\u0103 \u0219i intensificat\u0103. Acest film BOPP ultra mat cu un efect tactil pl\u0103cut \u0219i intens neted, care transmite senza\u021bia de lux \u0219i exclusivitate. Special pentru finisaje precum UV spot, poleire la cald, lipire [&hellip;]<\/p>\n","protected":false},"featured_media":0,"comment_status":"open","ping_status":"closed","template":"","meta":{"om_disable_all_campaigns":false,"_monsterinsights_skip_tracking":false,"_monsterinsights_sitenote_active":false,"_monsterinsights_sitenote_note":"","_monsterinsights_sitenote_category":0},"product_cat":[210],"product_tag":[],"class_list":{"0":"post-1438","1":"product","2":"type-product","3":"status-publish","5":"product_cat-folii-de-laminare-la-rece","7":"first","8":"instock","9":"shipping-taxable","10":"product-type-simple"},"acf":[],"aioseo_notices":[],"_links":{"self":[{"href":"https:\/\/lemmaco.com\/ro\/wp-json\/wp\/v2\/product\/1438","targetHints":{"allow":["GET"]}}],"collection":[{"href":"https:\/\/lemmaco.com\/ro\/wp-json\/wp\/v2\/product"}],"about":[{"href":"https:\/\/lemmaco.com\/ro\/wp-json\/wp\/v2\/types\/product"}],"replies":[{"embeddable":true,"href":"https:\/\/lemmaco.com\/ro\/wp-json\/wp\/v2\/comments?post=1438"}],"wp:attachment":[{"href":"https:\/\/lemmaco.com\/ro\/wp-json\/wp\/v2\/media?parent=1438"}],"wp:term":[{"taxonomy":"product_cat","embeddable":true,"href":"https:\/\/lemmaco.com\/ro\/wp-json\/wp\/v2\/product_cat?post=1438"},{"taxonomy":"product_tag","embeddable":true,"href":"https:\/\/lemmaco.com\/ro\/wp-json\/wp\/v2\/product_tag?post=1438"}],"curies":[{"name":"wp","href":"https:\/\/api.w.org\/{rel}","templated":true}]}}