{"id":1435,"date":"2023-05-02T12:49:41","date_gmt":"2023-05-02T12:49:41","guid":{"rendered":"https:\/\/lemmaco.com\/product\/wet-anti-scratch\/"},"modified":"2024-02-09T14:37:37","modified_gmt":"2024-02-09T14:37:37","slug":"wet-anti-scratch","status":"publish","type":"product","link":"https:\/\/lemmaco.com\/ro\/produs\/wet-anti-scratch\/","title":{"rendered":"Folie la rece Anti Scratch (anti zg\u00e2riere)"},"content":{"rendered":"<p>Filmul anti scratch ofer\u0103 o aderen\u021b\u0103 optim\u0103 la grafic\u0103. Acest film asigur\u0103 o rezisten\u021b\u0103 excelent\u0103 la zg\u00e2rieturi \u0219i o aderen\u021b\u0103 excep\u021bional\u0103 a cernelurilor UV \u0219i a foliilor de poleire la cald.<\/p>\n","protected":false},"excerpt":{"rendered":"<p>Filmul anti scratch ofer\u0103 o aderen\u021b\u0103 optim\u0103 la grafic\u0103. Acest film asigur\u0103 o rezisten\u021b\u0103 excelent\u0103 la zg\u00e2rieturi \u0219i o aderen\u021b\u0103 excep\u021bional\u0103 a cernelurilor UV \u0219i a foliilor de poleire la cald.<\/p>\n","protected":false},"featured_media":0,"comment_status":"open","ping_status":"closed","template":"","meta":{"om_disable_all_campaigns":false,"_monsterinsights_skip_tracking":false,"_monsterinsights_sitenote_active":false,"_monsterinsights_sitenote_note":"","_monsterinsights_sitenote_category":0},"product_cat":[210],"product_tag":[],"class_list":{"0":"post-1435","1":"product","2":"type-product","3":"status-publish","5":"product_cat-folii-de-laminare-la-rece","7":"first","8":"instock","9":"shipping-taxable","10":"product-type-simple"},"acf":[],"aioseo_notices":[],"_links":{"self":[{"href":"https:\/\/lemmaco.com\/ro\/wp-json\/wp\/v2\/product\/1435","targetHints":{"allow":["GET"]}}],"collection":[{"href":"https:\/\/lemmaco.com\/ro\/wp-json\/wp\/v2\/product"}],"about":[{"href":"https:\/\/lemmaco.com\/ro\/wp-json\/wp\/v2\/types\/product"}],"replies":[{"embeddable":true,"href":"https:\/\/lemmaco.com\/ro\/wp-json\/wp\/v2\/comments?post=1435"}],"wp:attachment":[{"href":"https:\/\/lemmaco.com\/ro\/wp-json\/wp\/v2\/media?parent=1435"}],"wp:term":[{"taxonomy":"product_cat","embeddable":true,"href":"https:\/\/lemmaco.com\/ro\/wp-json\/wp\/v2\/product_cat?post=1435"},{"taxonomy":"product_tag","embeddable":true,"href":"https:\/\/lemmaco.com\/ro\/wp-json\/wp\/v2\/product_tag?post=1435"}],"curies":[{"name":"wp","href":"https:\/\/api.w.org\/{rel}","templated":true}]}}