{"id":1433,"date":"2023-04-04T13:43:15","date_gmt":"2023-04-04T13:43:15","guid":{"rendered":"https:\/\/lemmaco.com\/product\/wet-standard-gloss\/"},"modified":"2024-02-09T14:34:25","modified_gmt":"2024-02-09T14:34:25","slug":"wet-standard-gloss","status":"publish","type":"product","link":"https:\/\/lemmaco.com\/ro\/produs\/wet-standard-gloss\/","title":{"rendered":"Folie la rece standard lucioas\u0103"},"content":{"rendered":"<p>Este o folie simpl\u0103 de polipropilen\u0103 co-extrudat\u0103 pentru laminarea h\u00e2rtiei \u0219i a cartonului tip\u0103rit. Filmul este tratat Corona pe ambele p\u0103r\u021bi \u0219i prin urmare, poate fi utilizat pentru diferite metode precum tip\u0103rire serigrafic\u0103 \u0219i poleire la cald. Filmul are propriet\u0103\u021bi mecanice excelente.<\/p>\n","protected":false},"excerpt":{"rendered":"<p>Este o folie simpl\u0103 de polipropilen\u0103 co-extrudat\u0103 pentru laminarea h\u00e2rtiei \u0219i a cartonului tip\u0103rit. Filmul este tratat Corona pe ambele p\u0103r\u021bi \u0219i prin urmare, poate fi utilizat pentru diferite metode precum tip\u0103rire serigrafic\u0103 \u0219i poleire la cald. Filmul are propriet\u0103\u021bi mecanice excelente.<\/p>\n","protected":false},"featured_media":0,"comment_status":"open","ping_status":"closed","template":"","meta":{"om_disable_all_campaigns":false,"_monsterinsights_skip_tracking":false,"_monsterinsights_sitenote_active":false,"_monsterinsights_sitenote_note":"","_monsterinsights_sitenote_category":0},"product_cat":[210],"product_tag":[],"class_list":{"0":"post-1433","1":"product","2":"type-product","3":"status-publish","5":"product_cat-folii-de-laminare-la-rece","7":"first","8":"instock","9":"shipping-taxable","10":"product-type-simple"},"acf":[],"aioseo_notices":[],"_links":{"self":[{"href":"https:\/\/lemmaco.com\/ro\/wp-json\/wp\/v2\/product\/1433","targetHints":{"allow":["GET"]}}],"collection":[{"href":"https:\/\/lemmaco.com\/ro\/wp-json\/wp\/v2\/product"}],"about":[{"href":"https:\/\/lemmaco.com\/ro\/wp-json\/wp\/v2\/types\/product"}],"replies":[{"embeddable":true,"href":"https:\/\/lemmaco.com\/ro\/wp-json\/wp\/v2\/comments?post=1433"}],"wp:attachment":[{"href":"https:\/\/lemmaco.com\/ro\/wp-json\/wp\/v2\/media?parent=1433"}],"wp:term":[{"taxonomy":"product_cat","embeddable":true,"href":"https:\/\/lemmaco.com\/ro\/wp-json\/wp\/v2\/product_cat?post=1433"},{"taxonomy":"product_tag","embeddable":true,"href":"https:\/\/lemmaco.com\/ro\/wp-json\/wp\/v2\/product_tag?post=1433"}],"curies":[{"name":"wp","href":"https:\/\/api.w.org\/{rel}","templated":true}]}}