{"id":1431,"date":"2023-05-02T15:20:05","date_gmt":"2023-05-02T15:20:05","guid":{"rendered":"https:\/\/lemmaco.com\/product\/e00408-us-uv-screen-varnish\/"},"modified":"2024-03-05T12:25:47","modified_gmt":"2024-03-05T12:25:47","slug":"e00408-us-uv-screen-varnish","status":"publish","type":"product","link":"https:\/\/lemmaco.com\/ro\/produs\/e00408-us-uv-screen-varnish\/","title":{"rendered":"E 00408 US UV Lac serigrafic"},"content":{"rendered":"<p>E00408 US este un lac cu \u00eent\u0103rire UV special conceput\u0103 pentru aplica\u021bii serigrafice. Poate fi folosit at\u00e2t pe aplica\u021bii de serigrafie rotativ\u0103, c\u00e2t \u0219i pe serigrafie plan\u0103. Tipical, acest lac are propriet\u0103\u021bi de curgere \u0219i nivelare remarcabile \u0219i are o capacitate excelent\u0103 de \u00eent\u0103rire. Creeaz\u0103 chiar o suprafa\u021b\u0103 neted\u0103, cu efect\u00a0 mat \u0219i rezisten\u021b\u0103 ridicat\u0103 la frecare.<\/p>\n","protected":false},"excerpt":{"rendered":"<p>E00408 US este un lac cu \u00eent\u0103rire UV special conceput\u0103 pentru aplica\u021bii serigrafice. Poate fi folosit at\u00e2t pe aplica\u021bii de serigrafie rotativ\u0103, c\u00e2t \u0219i pe serigrafie plan\u0103. Tipical, acest lac are propriet\u0103\u021bi de curgere \u0219i nivelare remarcabile \u0219i are o capacitate excelent\u0103 de \u00eent\u0103rire. Creeaz\u0103 chiar o suprafa\u021b\u0103 neted\u0103, cu efect\u00a0 mat \u0219i rezisten\u021b\u0103 ridicat\u0103 [&hellip;]<\/p>\n","protected":false},"featured_media":0,"comment_status":"open","ping_status":"closed","template":"","meta":{"om_disable_all_campaigns":false,"_monsterinsights_skip_tracking":false,"_monsterinsights_sitenote_active":false,"_monsterinsights_sitenote_note":"","_monsterinsights_sitenote_category":0},"product_cat":[213],"product_tag":[],"class_list":{"0":"post-1431","1":"product","2":"type-product","3":"status-publish","5":"product_cat-uv-screen-varnish-ro","7":"first","8":"instock","9":"shipping-taxable","10":"product-type-simple"},"acf":[],"aioseo_notices":[],"_links":{"self":[{"href":"https:\/\/lemmaco.com\/ro\/wp-json\/wp\/v2\/product\/1431","targetHints":{"allow":["GET"]}}],"collection":[{"href":"https:\/\/lemmaco.com\/ro\/wp-json\/wp\/v2\/product"}],"about":[{"href":"https:\/\/lemmaco.com\/ro\/wp-json\/wp\/v2\/types\/product"}],"replies":[{"embeddable":true,"href":"https:\/\/lemmaco.com\/ro\/wp-json\/wp\/v2\/comments?post=1431"}],"wp:attachment":[{"href":"https:\/\/lemmaco.com\/ro\/wp-json\/wp\/v2\/media?parent=1431"}],"wp:term":[{"taxonomy":"product_cat","embeddable":true,"href":"https:\/\/lemmaco.com\/ro\/wp-json\/wp\/v2\/product_cat?post=1431"},{"taxonomy":"product_tag","embeddable":true,"href":"https:\/\/lemmaco.com\/ro\/wp-json\/wp\/v2\/product_tag?post=1431"}],"curies":[{"name":"wp","href":"https:\/\/api.w.org\/{rel}","templated":true}]}}