{"id":1429,"date":"2023-05-02T15:19:39","date_gmt":"2023-05-02T15:19:39","guid":{"rendered":"https:\/\/lemmaco.com\/product\/e00559-us-uv-coating-screen-emboss-varnish\/"},"modified":"2024-03-05T12:26:42","modified_gmt":"2024-03-05T12:26:42","slug":"e00559-us-uv-coating-screen-emboss-varnish","status":"publish","type":"product","link":"https:\/\/lemmaco.com\/ro\/produs\/e00559-us-uv-coating-screen-emboss-varnish\/","title":{"rendered":"E 00559 US UV Lac UV serigrafic emboss"},"content":{"rendered":"<p>E 00559 US este lac cu \u00eent\u0103rire UV special conceput\u0103 pentru aplica\u021bii serigrafice. Poate fi folosit at\u00e2t pe aplica\u021bii de serigrafie rotativ\u0103, c\u00e2t \u0219i pe serigrafie plan\u0103. \u00cen mod normal, acest lac are propriet\u0103\u021bi de curgere \u0219i nivelare remarcabile \u0219i are o capacitate excelent\u0103 de \u00eent\u0103rire. Creeaz\u0103 chiar o suprafa\u021b\u0103 neted\u0103, foarte \u00een\u0103l\u021bat\u0103\/ridicat\u0103, reliefat\u0103, cu luciu ridicat.<\/p>\n","protected":false},"excerpt":{"rendered":"<p>E 00559 US este lac cu \u00eent\u0103rire UV special conceput\u0103 pentru aplica\u021bii serigrafice. Poate fi folosit at\u00e2t pe aplica\u021bii de serigrafie rotativ\u0103, c\u00e2t \u0219i pe serigrafie plan\u0103. \u00cen mod normal, acest lac are propriet\u0103\u021bi de curgere \u0219i nivelare remarcabile \u0219i are o capacitate excelent\u0103 de \u00eent\u0103rire. Creeaz\u0103 chiar o suprafa\u021b\u0103 neted\u0103, foarte \u00een\u0103l\u021bat\u0103\/ridicat\u0103, reliefat\u0103, cu [&hellip;]<\/p>\n","protected":false},"featured_media":0,"comment_status":"open","ping_status":"closed","template":"","meta":{"om_disable_all_campaigns":false,"_monsterinsights_skip_tracking":false,"_monsterinsights_sitenote_active":false,"_monsterinsights_sitenote_note":"","_monsterinsights_sitenote_category":0},"product_cat":[213],"product_tag":[],"class_list":{"0":"post-1429","1":"product","2":"type-product","3":"status-publish","5":"product_cat-uv-screen-varnish-ro","7":"first","8":"instock","9":"shipping-taxable","10":"product-type-simple"},"acf":[],"aioseo_notices":[],"_links":{"self":[{"href":"https:\/\/lemmaco.com\/ro\/wp-json\/wp\/v2\/product\/1429","targetHints":{"allow":["GET"]}}],"collection":[{"href":"https:\/\/lemmaco.com\/ro\/wp-json\/wp\/v2\/product"}],"about":[{"href":"https:\/\/lemmaco.com\/ro\/wp-json\/wp\/v2\/types\/product"}],"replies":[{"embeddable":true,"href":"https:\/\/lemmaco.com\/ro\/wp-json\/wp\/v2\/comments?post=1429"}],"wp:attachment":[{"href":"https:\/\/lemmaco.com\/ro\/wp-json\/wp\/v2\/media?parent=1429"}],"wp:term":[{"taxonomy":"product_cat","embeddable":true,"href":"https:\/\/lemmaco.com\/ro\/wp-json\/wp\/v2\/product_cat?post=1429"},{"taxonomy":"product_tag","embeddable":true,"href":"https:\/\/lemmaco.com\/ro\/wp-json\/wp\/v2\/product_tag?post=1429"}],"curies":[{"name":"wp","href":"https:\/\/api.w.org\/{rel}","templated":true}]}}