{"id":1425,"date":"2023-05-02T15:16:07","date_gmt":"2023-05-02T15:16:07","guid":{"rendered":"https:\/\/lemmaco.com\/product\/e00223-uf-uv-flexo-varnish-general-purpose-matt\/"},"modified":"2024-03-05T12:28:13","modified_gmt":"2024-03-05T12:28:13","slug":"e00223-uf-uv-flexo-varnish-general-purpose-matt","status":"publish","type":"product","link":"https:\/\/lemmaco.com\/ro\/produs\/e00223-uf-uv-flexo-varnish-general-purpose-matt\/","title":{"rendered":"E 00223 UF UV Lac UV mat de uz general pentru aplica\u021bii flexo"},"content":{"rendered":"<p>E 00023 UF este destinat\u0103 s\u0103 func\u021bioneze \u00een diverse sisteme de tip\u0103rire, cum ar fi tip\u0103rirea flexo, tipar \u00eenalt \u0219i ma\u0219in\u0103 de tip\u0103rit offset roll-to-roll. Este testat \u0219i s-a dovedit a fi potrivit pe o gam\u0103 larg\u0103 de materiale autoadezive, inclusiv h\u00e2rtii necretate\/cretate, materiale PE\/PP. Are tendin\u021b\u0103 mat\u0103.<\/p>\n","protected":false},"excerpt":{"rendered":"<p>E 00023 UF este destinat\u0103 s\u0103 func\u021bioneze \u00een diverse sisteme de tip\u0103rire, cum ar fi tip\u0103rirea flexo, tipar \u00eenalt \u0219i ma\u0219in\u0103 de tip\u0103rit offset roll-to-roll. Este testat \u0219i s-a dovedit a fi potrivit pe o gam\u0103 larg\u0103 de materiale autoadezive, inclusiv h\u00e2rtii necretate\/cretate, materiale PE\/PP. Are tendin\u021b\u0103 mat\u0103.<\/p>\n","protected":false},"featured_media":0,"comment_status":"open","ping_status":"closed","template":"","meta":{"om_disable_all_campaigns":false,"_monsterinsights_skip_tracking":false,"_monsterinsights_sitenote_active":false,"_monsterinsights_sitenote_note":"","_monsterinsights_sitenote_category":0},"product_cat":[212],"product_tag":[],"class_list":{"0":"post-1425","1":"product","2":"type-product","3":"status-publish","5":"product_cat-uv-flexo-varnish-ro","7":"first","8":"instock","9":"shipping-taxable","10":"product-type-simple"},"acf":[],"aioseo_notices":[],"_links":{"self":[{"href":"https:\/\/lemmaco.com\/ro\/wp-json\/wp\/v2\/product\/1425","targetHints":{"allow":["GET"]}}],"collection":[{"href":"https:\/\/lemmaco.com\/ro\/wp-json\/wp\/v2\/product"}],"about":[{"href":"https:\/\/lemmaco.com\/ro\/wp-json\/wp\/v2\/types\/product"}],"replies":[{"embeddable":true,"href":"https:\/\/lemmaco.com\/ro\/wp-json\/wp\/v2\/comments?post=1425"}],"wp:attachment":[{"href":"https:\/\/lemmaco.com\/ro\/wp-json\/wp\/v2\/media?parent=1425"}],"wp:term":[{"taxonomy":"product_cat","embeddable":true,"href":"https:\/\/lemmaco.com\/ro\/wp-json\/wp\/v2\/product_cat?post=1425"},{"taxonomy":"product_tag","embeddable":true,"href":"https:\/\/lemmaco.com\/ro\/wp-json\/wp\/v2\/product_tag?post=1425"}],"curies":[{"name":"wp","href":"https:\/\/api.w.org\/{rel}","templated":true}]}}