{"id":1424,"date":"2023-05-02T15:15:27","date_gmt":"2023-05-02T15:15:27","guid":{"rendered":"https:\/\/lemmaco.com\/product\/e00223uf-uv-flexo-varnish-general-purpose-gloss\/"},"modified":"2024-03-05T12:28:45","modified_gmt":"2024-03-05T12:28:45","slug":"e00223uf-uv-flexo-varnish-general-purpose-gloss","status":"publish","type":"product","link":"https:\/\/lemmaco.com\/ro\/produs\/e00223uf-uv-flexo-varnish-general-purpose-gloss\/","title":{"rendered":"E 00023 UF UV Lac UV Lucios de uz general pentru aplica\u021bii flexo"},"content":{"rendered":"<p>E 00023 UF este destinat s\u0103 func\u021bioneze \u00een diverse sisteme de tip\u0103rire, cum ar fi flexo, tipar \u00eenalt, ma\u0219in\u0103 de tip\u0103rit offset roll-to-roll. Este testat \u0219i s-a dovedit a fi potrivit pe o gam\u0103 larg\u0103 de materiale autoadezive, inclusiv h\u00e2rtii netratate\/tratate, materiale PE\/PP.<\/p>\n","protected":false},"excerpt":{"rendered":"<p>E 00023 UF este destinat s\u0103 func\u021bioneze \u00een diverse sisteme de tip\u0103rire, cum ar fi flexo, tipar \u00eenalt, ma\u0219in\u0103 de tip\u0103rit offset roll-to-roll. Este testat \u0219i s-a dovedit a fi potrivit pe o gam\u0103 larg\u0103 de materiale autoadezive, inclusiv h\u00e2rtii netratate\/tratate, materiale PE\/PP.<\/p>\n","protected":false},"featured_media":0,"comment_status":"open","ping_status":"closed","template":"","meta":{"om_disable_all_campaigns":false,"_monsterinsights_skip_tracking":false,"_monsterinsights_sitenote_active":false,"_monsterinsights_sitenote_note":"","_monsterinsights_sitenote_category":0},"product_cat":[212],"product_tag":[],"class_list":{"0":"post-1424","1":"product","2":"type-product","3":"status-publish","5":"product_cat-uv-flexo-varnish-ro","7":"first","8":"instock","9":"shipping-taxable","10":"product-type-simple"},"acf":[],"aioseo_notices":[],"_links":{"self":[{"href":"https:\/\/lemmaco.com\/ro\/wp-json\/wp\/v2\/product\/1424","targetHints":{"allow":["GET"]}}],"collection":[{"href":"https:\/\/lemmaco.com\/ro\/wp-json\/wp\/v2\/product"}],"about":[{"href":"https:\/\/lemmaco.com\/ro\/wp-json\/wp\/v2\/types\/product"}],"replies":[{"embeddable":true,"href":"https:\/\/lemmaco.com\/ro\/wp-json\/wp\/v2\/comments?post=1424"}],"wp:attachment":[{"href":"https:\/\/lemmaco.com\/ro\/wp-json\/wp\/v2\/media?parent=1424"}],"wp:term":[{"taxonomy":"product_cat","embeddable":true,"href":"https:\/\/lemmaco.com\/ro\/wp-json\/wp\/v2\/product_cat?post=1424"},{"taxonomy":"product_tag","embeddable":true,"href":"https:\/\/lemmaco.com\/ro\/wp-json\/wp\/v2\/product_tag?post=1424"}],"curies":[{"name":"wp","href":"https:\/\/api.w.org\/{rel}","templated":true}]}}