{"id":1413,"date":"2023-05-02T15:48:14","date_gmt":"2023-05-02T15:48:14","guid":{"rendered":"https:\/\/lemmaco.com\/product\/lk\/"},"modified":"2024-02-14T17:49:29","modified_gmt":"2024-02-14T17:49:29","slug":"lk","status":"publish","type":"product","link":"https:\/\/lemmaco.com\/ro\/produs\/lk\/","title":{"rendered":"LK"},"content":{"rendered":"<p>Cu LK ob\u021bine\u021bi defini\u021bie fin\u0103 cu desprindere sigur\u0103. Este potrivit pentru utilizare pe diferite tipuri de ma\u0219ini de poleire. Aplicare universal\u0103 pe h\u00e2rtie netip\u0103rit\u0103, tip\u0103rit\u0103 \u0219i h\u00e2rtie tratat\u0103 cu r\u0103\u0219in\u0103. Efect pl\u0103cut de poleire pe lac UV \/ h\u00e2rtie tratat\u0103.<\/p>\n","protected":false},"excerpt":{"rendered":"<p>Cu LK ob\u021bine\u021bi defini\u021bie fin\u0103 cu desprindere sigur\u0103. Este potrivit pentru utilizare pe diferite tipuri de ma\u0219ini de poleire. Aplicare universal\u0103 pe h\u00e2rtie netip\u0103rit\u0103, tip\u0103rit\u0103 \u0219i h\u00e2rtie tratat\u0103 cu r\u0103\u0219in\u0103. Efect pl\u0103cut de poleire pe lac UV \/ h\u00e2rtie tratat\u0103.<\/p>\n","protected":false},"featured_media":0,"comment_status":"open","ping_status":"closed","template":"","meta":{"om_disable_all_campaigns":false,"_monsterinsights_skip_tracking":false,"_monsterinsights_sitenote_active":false,"_monsterinsights_sitenote_note":"","_monsterinsights_sitenote_category":0},"product_cat":[206],"product_tag":[],"class_list":{"0":"post-1413","1":"product","2":"type-product","3":"status-publish","5":"product_cat-folii-metalice","7":"first","8":"instock","9":"shipping-taxable","10":"product-type-simple"},"acf":[],"aioseo_notices":[],"_links":{"self":[{"href":"https:\/\/lemmaco.com\/ro\/wp-json\/wp\/v2\/product\/1413","targetHints":{"allow":["GET"]}}],"collection":[{"href":"https:\/\/lemmaco.com\/ro\/wp-json\/wp\/v2\/product"}],"about":[{"href":"https:\/\/lemmaco.com\/ro\/wp-json\/wp\/v2\/types\/product"}],"replies":[{"embeddable":true,"href":"https:\/\/lemmaco.com\/ro\/wp-json\/wp\/v2\/comments?post=1413"}],"wp:attachment":[{"href":"https:\/\/lemmaco.com\/ro\/wp-json\/wp\/v2\/media?parent=1413"}],"wp:term":[{"taxonomy":"product_cat","embeddable":true,"href":"https:\/\/lemmaco.com\/ro\/wp-json\/wp\/v2\/product_cat?post=1413"},{"taxonomy":"product_tag","embeddable":true,"href":"https:\/\/lemmaco.com\/ro\/wp-json\/wp\/v2\/product_tag?post=1413"}],"curies":[{"name":"wp","href":"https:\/\/api.w.org\/{rel}","templated":true}]}}