{"id":1408,"date":"2023-05-02T15:46:47","date_gmt":"2023-05-02T15:46:47","guid":{"rendered":"https:\/\/lemmaco.com\/product\/kfds\/"},"modified":"2024-02-09T10:15:53","modified_gmt":"2024-02-09T10:15:53","slug":"kfds","status":"publish","type":"product","link":"https:\/\/lemmaco.com\/ro\/produs\/kfds\/","title":{"rendered":"KFDS"},"content":{"rendered":"<p>Folie metalizat\u0103 la rece de culoare aurie cu dou\u0103 fe\u021be. Acoperire excelent\u0103 a pl\u0103cii, potrivit\u0103 pentru tip\u0103rire interioar\u0103. Vitez\u0103 mare de operare \u0219i potrivit\u0103 pentru adeziv UV listat.<\/p>\n","protected":false},"excerpt":{"rendered":"<p>Folie metalizat\u0103 la rece de culoare aurie cu dou\u0103 fe\u021be. Acoperire excelent\u0103 a pl\u0103cii, potrivit\u0103 pentru tip\u0103rire interioar\u0103. Vitez\u0103 mare de operare \u0219i potrivit\u0103 pentru adeziv UV listat.<\/p>\n","protected":false},"featured_media":0,"comment_status":"open","ping_status":"closed","template":"","meta":{"om_disable_all_campaigns":false,"_monsterinsights_skip_tracking":false,"_monsterinsights_sitenote_active":false,"_monsterinsights_sitenote_note":"","_monsterinsights_sitenote_category":0},"product_cat":[199],"product_tag":[],"class_list":{"0":"post-1408","1":"product","2":"type-product","3":"status-publish","5":"product_cat-folii-flexo","7":"first","8":"instock","9":"shipping-taxable","10":"product-type-simple"},"acf":[],"aioseo_notices":[],"_links":{"self":[{"href":"https:\/\/lemmaco.com\/ro\/wp-json\/wp\/v2\/product\/1408","targetHints":{"allow":["GET"]}}],"collection":[{"href":"https:\/\/lemmaco.com\/ro\/wp-json\/wp\/v2\/product"}],"about":[{"href":"https:\/\/lemmaco.com\/ro\/wp-json\/wp\/v2\/types\/product"}],"replies":[{"embeddable":true,"href":"https:\/\/lemmaco.com\/ro\/wp-json\/wp\/v2\/comments?post=1408"}],"wp:attachment":[{"href":"https:\/\/lemmaco.com\/ro\/wp-json\/wp\/v2\/media?parent=1408"}],"wp:term":[{"taxonomy":"product_cat","embeddable":true,"href":"https:\/\/lemmaco.com\/ro\/wp-json\/wp\/v2\/product_cat?post=1408"},{"taxonomy":"product_tag","embeddable":true,"href":"https:\/\/lemmaco.com\/ro\/wp-json\/wp\/v2\/product_tag?post=1408"}],"curies":[{"name":"wp","href":"https:\/\/api.w.org\/{rel}","templated":true}]}}