{"id":1395,"date":"2023-05-03T08:40:06","date_gmt":"2023-05-03T08:40:06","guid":{"rendered":"https:\/\/lemmaco.com\/product\/pe-gloss-white\/"},"modified":"2024-02-08T15:22:10","modified_gmt":"2024-02-08T15:22:10","slug":"pe-gloss-white","status":"publish","type":"product","link":"https:\/\/lemmaco.com\/ro\/produs\/pe-gloss-white\/","title":{"rendered":"PE Gloss White"},"content":{"rendered":"<p>O polietilen\u0103 cu tratare superioar\u0103 alb\u0103 lucioas\u0103, cu adeziv permanent acrilic, cu claritate \u0219i coeziune ridicat\u0103, cu aderen\u021b\u0103 puternic\u0103 la substraturi apolare. Recomandat pentru etichetele produselor pentru ambalaje flexibile \u00een aplica\u021bii \u00een care o bun\u0103 durabilitate \u0219i rezisten\u021b\u0103 la ap\u0103 este important\u0103, \u00een alimenta\u021bie, s\u0103n\u0103tate \u0219i \u00eengrijire personal\u0103, produse chimice de uz casnic. Potrivit pentru tip\u0103rire \u00een flexografie, offset, serigrafie, poleire (hot foil) \u0219i transfer termic.<\/p>\n","protected":false},"excerpt":{"rendered":"<p>O polietilen\u0103 cu tratare superioar\u0103 alb\u0103 lucioas\u0103, cu adeziv permanent acrilic, cu claritate \u0219i coeziune ridicat\u0103, cu aderen\u021b\u0103 puternic\u0103 la substraturi apolare. Recomandat pentru etichetele produselor pentru ambalaje flexibile \u00een aplica\u021bii \u00een care o bun\u0103 durabilitate \u0219i rezisten\u021b\u0103 la ap\u0103 este important\u0103, \u00een alimenta\u021bie, s\u0103n\u0103tate \u0219i \u00eengrijire personal\u0103, produse chimice de uz casnic. Potrivit pentru [&hellip;]<\/p>\n","protected":false},"featured_media":0,"comment_status":"open","ping_status":"closed","template":"","meta":{"om_disable_all_campaigns":false,"_monsterinsights_skip_tracking":false,"_monsterinsights_sitenote_active":false,"_monsterinsights_sitenote_note":"","_monsterinsights_sitenote_category":0},"product_cat":[191],"product_tag":[],"class_list":{"0":"post-1395","1":"product","2":"type-product","3":"status-publish","5":"product_cat-etichete-albe","7":"first","8":"instock","9":"shipping-taxable","10":"product-type-simple"},"acf":[],"aioseo_notices":[],"_links":{"self":[{"href":"https:\/\/lemmaco.com\/ro\/wp-json\/wp\/v2\/product\/1395","targetHints":{"allow":["GET"]}}],"collection":[{"href":"https:\/\/lemmaco.com\/ro\/wp-json\/wp\/v2\/product"}],"about":[{"href":"https:\/\/lemmaco.com\/ro\/wp-json\/wp\/v2\/types\/product"}],"replies":[{"embeddable":true,"href":"https:\/\/lemmaco.com\/ro\/wp-json\/wp\/v2\/comments?post=1395"}],"wp:attachment":[{"href":"https:\/\/lemmaco.com\/ro\/wp-json\/wp\/v2\/media?parent=1395"}],"wp:term":[{"taxonomy":"product_cat","embeddable":true,"href":"https:\/\/lemmaco.com\/ro\/wp-json\/wp\/v2\/product_cat?post=1395"},{"taxonomy":"product_tag","embeddable":true,"href":"https:\/\/lemmaco.com\/ro\/wp-json\/wp\/v2\/product_tag?post=1395"}],"curies":[{"name":"wp","href":"https:\/\/api.w.org\/{rel}","templated":true}]}}