{"id":1393,"date":"2023-04-04T13:36:30","date_gmt":"2023-04-04T13:36:30","guid":{"rendered":"https:\/\/lemmaco.com\/product\/pe-gloss-clear\/"},"modified":"2024-02-08T15:20:47","modified_gmt":"2024-02-08T15:20:47","slug":"pe-gloss-clear","status":"publish","type":"product","link":"https:\/\/lemmaco.com\/ro\/produs\/pe-gloss-clear\/","title":{"rendered":"PE Gloss Clear"},"content":{"rendered":"<p>O polietilen\u0103 cu tratare superioar\u0103, transparent\u0103, lucioas\u0103, cu adeziv permanent acrilic, cu o claritate \u0219i coeziune ridicat\u0103, cu aderen\u021b\u0103 puternic\u0103 la substraturi apolare. Recomandat pentru etichete flexibile pentru industria cosmetic\u0103, de \u00eengrijire personal\u0103 \u0219i de \u00eengrijire la domiciliu. Tratarea superioar\u0103 \u0219i adezivul sunt pe deplin conforme cu cerin\u021bele industriei alimentare. Potrivit pentru tip\u0103rire \u00een flexografie, offset, serigrafie, poleire (hot foil) \u0219i transfer termic.<\/p>\n","protected":false},"excerpt":{"rendered":"<p>O polietilen\u0103 cu tratare superioar\u0103, transparent\u0103, lucioas\u0103, cu adeziv permanent acrilic, cu o claritate \u0219i coeziune ridicat\u0103, cu aderen\u021b\u0103 puternic\u0103 la substraturi apolare. Recomandat pentru etichete flexibile pentru industria cosmetic\u0103, de \u00eengrijire personal\u0103 \u0219i de \u00eengrijire la domiciliu. Tratarea superioar\u0103 \u0219i adezivul sunt pe deplin conforme cu cerin\u021bele industriei alimentare. Potrivit pentru tip\u0103rire \u00een flexografie, [&hellip;]<\/p>\n","protected":false},"featured_media":0,"comment_status":"open","ping_status":"closed","template":"","meta":{"om_disable_all_campaigns":false,"_monsterinsights_skip_tracking":false,"_monsterinsights_sitenote_active":false,"_monsterinsights_sitenote_note":"","_monsterinsights_sitenote_category":0},"product_cat":[191],"product_tag":[],"class_list":{"0":"post-1393","1":"product","2":"type-product","3":"status-publish","5":"product_cat-etichete-albe","7":"first","8":"instock","9":"shipping-taxable","10":"product-type-simple"},"acf":[],"aioseo_notices":[],"_links":{"self":[{"href":"https:\/\/lemmaco.com\/ro\/wp-json\/wp\/v2\/product\/1393","targetHints":{"allow":["GET"]}}],"collection":[{"href":"https:\/\/lemmaco.com\/ro\/wp-json\/wp\/v2\/product"}],"about":[{"href":"https:\/\/lemmaco.com\/ro\/wp-json\/wp\/v2\/types\/product"}],"replies":[{"embeddable":true,"href":"https:\/\/lemmaco.com\/ro\/wp-json\/wp\/v2\/comments?post=1393"}],"wp:attachment":[{"href":"https:\/\/lemmaco.com\/ro\/wp-json\/wp\/v2\/media?parent=1393"}],"wp:term":[{"taxonomy":"product_cat","embeddable":true,"href":"https:\/\/lemmaco.com\/ro\/wp-json\/wp\/v2\/product_cat?post=1393"},{"taxonomy":"product_tag","embeddable":true,"href":"https:\/\/lemmaco.com\/ro\/wp-json\/wp\/v2\/product_tag?post=1393"}],"curies":[{"name":"wp","href":"https:\/\/api.w.org\/{rel}","templated":true}]}}