{"id":1391,"date":"2023-04-04T13:35:38","date_gmt":"2023-04-04T13:35:38","guid":{"rendered":"https:\/\/lemmaco.com\/product\/thermal-top\/"},"modified":"2024-02-08T15:19:26","modified_gmt":"2024-02-08T15:19:26","slug":"thermal-top","status":"publish","type":"product","link":"https:\/\/lemmaco.com\/ro\/produs\/thermal-top\/","title":{"rendered":"Thermal Top"},"content":{"rendered":"<p>H\u00e2rtie termic\u0103 cu tratare superioar\u0103 cu sensibilitate standard\u0103, f\u0103r\u0103 bariere pe spate, produs\u0103 f\u0103r\u0103 bisfenoli (f\u0103r\u0103 BP). Rezisten\u021b\u0103 bun\u0103 la umiditate \u0219i rezisten\u021b\u0103 medie la ulei \u0219i gr\u0103sime. Mai sensibil la zg\u00e2rieturi. Certificat FSC. Adezivul hot-melt pe baz\u0103 de cauciuc ofer\u0103 o bun\u0103 aderen\u021b\u0103 la o mare varietate de substraturi \u0219i la suprafe\u021be nepolare. Destinat pentru aplica\u021bii unde este necesar\u0103 o aderen\u021b\u0103 ini\u021bial\u0103 foarte mare. Comportament excelent \u00een rulabilitate \u0219i \u00een convertirea etichetelor. Performan\u021b\u0103 bun\u0103 la temperatur\u0103 sc\u0103zut\u0103.<\/p>\n<p>Recomandat pentru etichetele termice care necesit\u0103 rezisten\u021b\u0103 la ap\u0103. Rezisten\u021b\u0103 medie la ulei \u0219i gr\u0103simi.<\/p>\n<p>Potrivit pentru tip\u0103rire \u00een flexografie, recomandat \u00een special pentru termic\u0103 direct\u0103.<\/p>\n","protected":false},"excerpt":{"rendered":"<p>H\u00e2rtie termic\u0103 cu tratare superioar\u0103 cu sensibilitate standard\u0103, f\u0103r\u0103 bariere pe spate, produs\u0103 f\u0103r\u0103 bisfenoli (f\u0103r\u0103 BP). Rezisten\u021b\u0103 bun\u0103 la umiditate \u0219i rezisten\u021b\u0103 medie la ulei \u0219i gr\u0103sime. Mai sensibil la zg\u00e2rieturi. Certificat FSC. Adezivul hot-melt pe baz\u0103 de cauciuc ofer\u0103 o bun\u0103 aderen\u021b\u0103 la o mare varietate de substraturi \u0219i la suprafe\u021be nepolare. Destinat [&hellip;]<\/p>\n","protected":false},"featured_media":0,"comment_status":"open","ping_status":"closed","template":"","meta":{"om_disable_all_campaigns":false,"_monsterinsights_skip_tracking":false,"_monsterinsights_sitenote_active":false,"_monsterinsights_sitenote_note":"","_monsterinsights_sitenote_category":0},"product_cat":[191],"product_tag":[],"class_list":{"0":"post-1391","1":"product","2":"type-product","3":"status-publish","5":"product_cat-etichete-albe","7":"first","8":"instock","9":"shipping-taxable","10":"product-type-simple"},"acf":[],"aioseo_notices":[],"_links":{"self":[{"href":"https:\/\/lemmaco.com\/ro\/wp-json\/wp\/v2\/product\/1391","targetHints":{"allow":["GET"]}}],"collection":[{"href":"https:\/\/lemmaco.com\/ro\/wp-json\/wp\/v2\/product"}],"about":[{"href":"https:\/\/lemmaco.com\/ro\/wp-json\/wp\/v2\/types\/product"}],"replies":[{"embeddable":true,"href":"https:\/\/lemmaco.com\/ro\/wp-json\/wp\/v2\/comments?post=1391"}],"wp:attachment":[{"href":"https:\/\/lemmaco.com\/ro\/wp-json\/wp\/v2\/media?parent=1391"}],"wp:term":[{"taxonomy":"product_cat","embeddable":true,"href":"https:\/\/lemmaco.com\/ro\/wp-json\/wp\/v2\/product_cat?post=1391"},{"taxonomy":"product_tag","embeddable":true,"href":"https:\/\/lemmaco.com\/ro\/wp-json\/wp\/v2\/product_tag?post=1391"}],"curies":[{"name":"wp","href":"https:\/\/api.w.org\/{rel}","templated":true}]}}