{"id":1390,"date":"2023-04-04T13:35:19","date_gmt":"2023-04-04T13:35:19","guid":{"rendered":"https:\/\/lemmaco.com\/product\/thermal-eco\/"},"modified":"2024-02-08T15:16:55","modified_gmt":"2024-02-08T15:16:55","slug":"thermal-eco","status":"publish","type":"product","link":"https:\/\/lemmaco.com\/ro\/produs\/thermal-eco\/","title":{"rendered":"Thermal Eco"},"content":{"rendered":"<p>O h\u00e2rtie alb\u0103, lucioas\u0103 \u0219i cretat\u0103, av\u00e2nd certificat FSC. Adezivul acrilic pe baz\u0103 de ap\u0103 de uz general ofer\u0103 o bun\u0103 aderen\u021b\u0103 la o mare varietate de substraturi, inclusiv suprafe\u021be nepolare. Ideal pentru imprim\u0103ri\/tip\u0103riri multicolore care necesit\u0103 un contrast excep\u021bional \u0219i detalii excelente. Potrivit pentru tip\u0103rire \u00een flexografie, offset, serigrafie, poleire (hot foil) \u0219i transfer termic.<\/p>\n","protected":false},"excerpt":{"rendered":"<p>O h\u00e2rtie alb\u0103, lucioas\u0103 \u0219i cretat\u0103, av\u00e2nd certificat FSC. Adezivul acrilic pe baz\u0103 de ap\u0103 de uz general ofer\u0103 o bun\u0103 aderen\u021b\u0103 la o mare varietate de substraturi, inclusiv suprafe\u021be nepolare. Ideal pentru imprim\u0103ri\/tip\u0103riri multicolore care necesit\u0103 un contrast excep\u021bional \u0219i detalii excelente. Potrivit pentru tip\u0103rire \u00een flexografie, offset, serigrafie, poleire (hot foil) \u0219i transfer [&hellip;]<\/p>\n","protected":false},"featured_media":0,"comment_status":"open","ping_status":"closed","template":"","meta":{"om_disable_all_campaigns":false,"_monsterinsights_skip_tracking":false,"_monsterinsights_sitenote_active":false,"_monsterinsights_sitenote_note":"","_monsterinsights_sitenote_category":0},"product_cat":[191],"product_tag":[],"class_list":{"0":"post-1390","1":"product","2":"type-product","3":"status-publish","5":"product_cat-etichete-albe","7":"first","8":"instock","9":"shipping-taxable","10":"product-type-simple"},"acf":[],"aioseo_notices":[],"_links":{"self":[{"href":"https:\/\/lemmaco.com\/ro\/wp-json\/wp\/v2\/product\/1390","targetHints":{"allow":["GET"]}}],"collection":[{"href":"https:\/\/lemmaco.com\/ro\/wp-json\/wp\/v2\/product"}],"about":[{"href":"https:\/\/lemmaco.com\/ro\/wp-json\/wp\/v2\/types\/product"}],"replies":[{"embeddable":true,"href":"https:\/\/lemmaco.com\/ro\/wp-json\/wp\/v2\/comments?post=1390"}],"wp:attachment":[{"href":"https:\/\/lemmaco.com\/ro\/wp-json\/wp\/v2\/media?parent=1390"}],"wp:term":[{"taxonomy":"product_cat","embeddable":true,"href":"https:\/\/lemmaco.com\/ro\/wp-json\/wp\/v2\/product_cat?post=1390"},{"taxonomy":"product_tag","embeddable":true,"href":"https:\/\/lemmaco.com\/ro\/wp-json\/wp\/v2\/product_tag?post=1390"}],"curies":[{"name":"wp","href":"https:\/\/api.w.org\/{rel}","templated":true}]}}