{"id":1387,"date":"2023-04-04T13:30:19","date_gmt":"2023-04-04T13:30:19","guid":{"rendered":"https:\/\/lemmaco.com\/product\/vellum\/"},"modified":"2024-02-08T15:05:25","modified_gmt":"2024-02-08T15:05:25","slug":"vellum","status":"publish","type":"product","link":"https:\/\/lemmaco.com\/ro\/produs\/vellum\/","title":{"rendered":"Vellum"},"content":{"rendered":"<p>H\u00e2rtie general\u0103, netezit\u0103 prin ma\u0219in\u0103, culoare alb\u0103 cu intensitate ridicat\u0103. Are Certificat FSC (Forest Stewardship Council). Adezivul acrilic permanent de uz general pe baz\u0103 de ap\u0103 ofer\u0103 o bun\u0103 aderen\u021b\u0103 la o mare varietate de substraturi, inclusiv suprafe\u021be nepolare. Se comport\u0103 bine la temperaturi sc\u0103zute. Printabilitate excelent\u0103 cu toate sistemele conven\u021bionale de tip\u0103rire. Ideal pentru aplica\u021bii EDP \u0219i pentru imprimarea prin transfer termic.<\/p>\n<p>Potrivit pentru tip\u0103rire \u00een flexografie, offset, serigrafie, poleire (hot foil) \u0219i transfer termic.<\/p>\n","protected":false},"excerpt":{"rendered":"<p>H\u00e2rtie general\u0103, netezit\u0103 prin ma\u0219in\u0103, culoare alb\u0103 cu intensitate ridicat\u0103. Are Certificat FSC (Forest Stewardship Council). Adezivul acrilic permanent de uz general pe baz\u0103 de ap\u0103 ofer\u0103 o bun\u0103 aderen\u021b\u0103 la o mare varietate de substraturi, inclusiv suprafe\u021be nepolare. Se comport\u0103 bine la temperaturi sc\u0103zute. Printabilitate excelent\u0103 cu toate sistemele conven\u021bionale de tip\u0103rire. Ideal pentru [&hellip;]<\/p>\n","protected":false},"featured_media":0,"comment_status":"open","ping_status":"closed","template":"","meta":{"om_disable_all_campaigns":false,"_monsterinsights_skip_tracking":false,"_monsterinsights_sitenote_active":false,"_monsterinsights_sitenote_note":"","_monsterinsights_sitenote_category":0},"product_cat":[191],"product_tag":[],"class_list":{"0":"post-1387","1":"product","2":"type-product","3":"status-publish","5":"product_cat-etichete-albe","7":"first","8":"instock","9":"shipping-taxable","10":"product-type-simple"},"acf":[],"aioseo_notices":[],"_links":{"self":[{"href":"https:\/\/lemmaco.com\/ro\/wp-json\/wp\/v2\/product\/1387","targetHints":{"allow":["GET"]}}],"collection":[{"href":"https:\/\/lemmaco.com\/ro\/wp-json\/wp\/v2\/product"}],"about":[{"href":"https:\/\/lemmaco.com\/ro\/wp-json\/wp\/v2\/types\/product"}],"replies":[{"embeddable":true,"href":"https:\/\/lemmaco.com\/ro\/wp-json\/wp\/v2\/comments?post=1387"}],"wp:attachment":[{"href":"https:\/\/lemmaco.com\/ro\/wp-json\/wp\/v2\/media?parent=1387"}],"wp:term":[{"taxonomy":"product_cat","embeddable":true,"href":"https:\/\/lemmaco.com\/ro\/wp-json\/wp\/v2\/product_cat?post=1387"},{"taxonomy":"product_tag","embeddable":true,"href":"https:\/\/lemmaco.com\/ro\/wp-json\/wp\/v2\/product_tag?post=1387"}],"curies":[{"name":"wp","href":"https:\/\/api.w.org\/{rel}","templated":true}]}}