{"id":1383,"date":"2023-04-02T15:48:42","date_gmt":"2023-04-02T15:48:42","guid":{"rendered":"https:\/\/lemmaco.com\/product\/ln-151\/"},"modified":"2024-02-08T14:39:24","modified_gmt":"2024-02-08T14:39:24","slug":"ln-151","status":"publish","type":"product","link":"https:\/\/lemmaco.com\/ro\/produs\/ln-151\/","title":{"rendered":"LN 151"},"content":{"rendered":"<p>LN 151 ca un ribon de r\u0103\u0219in\u0103 premium este utilizat pentru compatibilitatea cu substraturi multiple, rezisten\u021ba superioar\u0103 la pete, coroziune \u0219i temperaturi \u00eenalte. Calitate remarcabil\u0103 a imprim\u0103rii,superioar\u0103 la solven\u021bi, compatibilitate bun\u0103 cu substratul.<\/p>\n","protected":false},"excerpt":{"rendered":"<p>LN 151 ca un ribon de r\u0103\u0219in\u0103 premium este utilizat pentru compatibilitatea cu substraturi multiple, rezisten\u021ba superioar\u0103 la pete, coroziune \u0219i temperaturi \u00eenalte. Calitate remarcabil\u0103 a imprim\u0103rii,superioar\u0103 la solven\u021bi, compatibilitate bun\u0103 cu substratul.<\/p>\n","protected":false},"featured_media":0,"comment_status":"open","ping_status":"closed","template":"","meta":{"om_disable_all_campaigns":false,"_monsterinsights_skip_tracking":false,"_monsterinsights_sitenote_active":false,"_monsterinsights_sitenote_note":"","_monsterinsights_sitenote_category":0},"product_cat":[195],"product_tag":[],"class_list":{"0":"post-1383","1":"product","2":"type-product","3":"status-publish","5":"product_cat-serii-near-edge","6":"pa_application-automotive-ro","7":"pa_application-chemical-drum-labeling-ro","8":"pa_application-equipment-ro","9":"pa_application-hot-working-ro","10":"pa_application-logistic-shipping-labels-ro","11":"pa_application-metal-ro","12":"pa_application-pharmaceutical-ro","13":"pa_application-produse-din-lemn-cherestea","15":"first","16":"instock","17":"shipping-taxable","18":"product-type-simple"},"acf":[],"aioseo_notices":[],"_links":{"self":[{"href":"https:\/\/lemmaco.com\/ro\/wp-json\/wp\/v2\/product\/1383","targetHints":{"allow":["GET"]}}],"collection":[{"href":"https:\/\/lemmaco.com\/ro\/wp-json\/wp\/v2\/product"}],"about":[{"href":"https:\/\/lemmaco.com\/ro\/wp-json\/wp\/v2\/types\/product"}],"replies":[{"embeddable":true,"href":"https:\/\/lemmaco.com\/ro\/wp-json\/wp\/v2\/comments?post=1383"}],"wp:attachment":[{"href":"https:\/\/lemmaco.com\/ro\/wp-json\/wp\/v2\/media?parent=1383"}],"wp:term":[{"taxonomy":"product_cat","embeddable":true,"href":"https:\/\/lemmaco.com\/ro\/wp-json\/wp\/v2\/product_cat?post=1383"},{"taxonomy":"product_tag","embeddable":true,"href":"https:\/\/lemmaco.com\/ro\/wp-json\/wp\/v2\/product_tag?post=1383"}],"curies":[{"name":"wp","href":"https:\/\/api.w.org\/{rel}","templated":true}]}}