{"id":1378,"date":"2023-03-21T12:48:49","date_gmt":"2023-03-21T12:48:49","guid":{"rendered":"https:\/\/lemmaco.com\/product\/ln-42\/"},"modified":"2024-02-08T14:28:09","modified_gmt":"2024-02-08T14:28:09","slug":"ln-42","status":"publish","type":"product","link":"https:\/\/lemmaco.com\/ro\/produs\/ln-42\/","title":{"rendered":"LN 42"},"content":{"rendered":"<p>LN 42 este un ribon premium dezvoltat special pentru imprimantele near edge. Produce coduri de bare exceptional de negre.Ribonul LN 42 de la Lemmaco imprim\u0103 bine at\u00e2t pe h\u00e2rtii rugoase, netratate, c\u00e2t \u0219i pe h\u00e2rtii netede, tratate. Are rezisten\u021b\u0103 medie la zg\u00e2rieturi \u0219i pete. Produs antistatic.<\/p>\n","protected":false},"excerpt":{"rendered":"<p>LN 42 este un ribon premium dezvoltat special pentru imprimantele near edge. Produce coduri de bare exceptional de negre.Ribonul LN 42 de la Lemmaco imprim\u0103 bine at\u00e2t pe h\u00e2rtii rugoase, netratate, c\u00e2t \u0219i pe h\u00e2rtii netede, tratate. Are rezisten\u021b\u0103 medie la zg\u00e2rieturi \u0219i pete. Produs antistatic.<\/p>\n","protected":false},"featured_media":0,"comment_status":"open","ping_status":"closed","template":"","meta":{"om_disable_all_campaigns":false,"_monsterinsights_skip_tracking":false,"_monsterinsights_sitenote_active":false,"_monsterinsights_sitenote_note":"","_monsterinsights_sitenote_category":0},"product_cat":[195],"product_tag":[],"class_list":{"0":"post-1378","1":"product","2":"type-product","3":"status-publish","5":"product_cat-serii-near-edge","6":"pa_application-cosmetics-packaging-ro","7":"pa_application-logistic-shipping-labels-ro","8":"pa_application-medical-ro","9":"pa_application-retail-clothing-tags-ro","10":"pa_application-warehouse-storage-labels-ro","12":"first","13":"instock","14":"shipping-taxable","15":"product-type-simple"},"acf":[],"aioseo_notices":[],"_links":{"self":[{"href":"https:\/\/lemmaco.com\/ro\/wp-json\/wp\/v2\/product\/1378","targetHints":{"allow":["GET"]}}],"collection":[{"href":"https:\/\/lemmaco.com\/ro\/wp-json\/wp\/v2\/product"}],"about":[{"href":"https:\/\/lemmaco.com\/ro\/wp-json\/wp\/v2\/types\/product"}],"replies":[{"embeddable":true,"href":"https:\/\/lemmaco.com\/ro\/wp-json\/wp\/v2\/comments?post=1378"}],"wp:attachment":[{"href":"https:\/\/lemmaco.com\/ro\/wp-json\/wp\/v2\/media?parent=1378"}],"wp:term":[{"taxonomy":"product_cat","embeddable":true,"href":"https:\/\/lemmaco.com\/ro\/wp-json\/wp\/v2\/product_cat?post=1378"},{"taxonomy":"product_tag","embeddable":true,"href":"https:\/\/lemmaco.com\/ro\/wp-json\/wp\/v2\/product_tag?post=1378"}],"curies":[{"name":"wp","href":"https:\/\/api.w.org\/{rel}","templated":true}]}}