{"id":1376,"date":"2023-03-21T12:45:24","date_gmt":"2023-03-21T12:45:24","guid":{"rendered":"https:\/\/lemmaco.com\/product\/l156\/"},"modified":"2024-02-08T13:41:41","modified_gmt":"2024-02-08T13:41:41","slug":"l156","status":"publish","type":"product","link":"https:\/\/lemmaco.com\/ro\/produs\/l156\/","title":{"rendered":"L156"},"content":{"rendered":"<p>L 156 ca un ribon premium,care are performan\u021be bune de imprimare la temperatur\u0103 joas\u0103 \u0219i rezisten\u021b\u0103 excep\u021bional\u0103 la sp\u0103lare \u0219i cur\u0103\u021bare uscat\u0103.Poate fi utilizat\u0103 pe scar\u0103 larg\u0103 \u00een domenii precum etichete pentru- textile,\u00eembr\u0103c\u0103minte,pentru bagaje \u0219i pantofi.<\/p>\n","protected":false},"excerpt":{"rendered":"<p>L 156 ca un ribon premium,care are performan\u021be bune de imprimare la temperatur\u0103 joas\u0103 \u0219i rezisten\u021b\u0103 excep\u021bional\u0103 la sp\u0103lare \u0219i cur\u0103\u021bare uscat\u0103.Poate fi utilizat\u0103 pe scar\u0103 larg\u0103 \u00een domenii precum etichete pentru- textile,\u00eembr\u0103c\u0103minte,pentru bagaje \u0219i pantofi.<\/p>\n","protected":false},"featured_media":0,"comment_status":"open","ping_status":"closed","template":"","meta":{"om_disable_all_campaigns":false,"_monsterinsights_skip_tracking":false,"_monsterinsights_sitenote_active":false,"_monsterinsights_sitenote_note":"","_monsterinsights_sitenote_category":0},"product_cat":[194],"product_tag":[],"class_list":{"0":"post-1376","1":"product","2":"type-product","3":"status-publish","5":"product_cat-serii-flat-head","6":"pa_application-textile-ro","8":"first","9":"instock","10":"shipping-taxable","11":"product-type-simple"},"acf":[],"aioseo_notices":[],"_links":{"self":[{"href":"https:\/\/lemmaco.com\/ro\/wp-json\/wp\/v2\/product\/1376","targetHints":{"allow":["GET"]}}],"collection":[{"href":"https:\/\/lemmaco.com\/ro\/wp-json\/wp\/v2\/product"}],"about":[{"href":"https:\/\/lemmaco.com\/ro\/wp-json\/wp\/v2\/types\/product"}],"replies":[{"embeddable":true,"href":"https:\/\/lemmaco.com\/ro\/wp-json\/wp\/v2\/comments?post=1376"}],"wp:attachment":[{"href":"https:\/\/lemmaco.com\/ro\/wp-json\/wp\/v2\/media?parent=1376"}],"wp:term":[{"taxonomy":"product_cat","embeddable":true,"href":"https:\/\/lemmaco.com\/ro\/wp-json\/wp\/v2\/product_cat?post=1376"},{"taxonomy":"product_tag","embeddable":true,"href":"https:\/\/lemmaco.com\/ro\/wp-json\/wp\/v2\/product_tag?post=1376"}],"curies":[{"name":"wp","href":"https:\/\/api.w.org\/{rel}","templated":true}]}}