{"id":1375,"date":"2023-04-02T15:42:39","date_gmt":"2023-04-02T15:42:39","guid":{"rendered":"https:\/\/lemmaco.com\/product\/l151\/"},"modified":"2024-02-08T13:34:19","modified_gmt":"2024-02-08T13:34:19","slug":"l151","status":"publish","type":"product","link":"https:\/\/lemmaco.com\/ro\/produs\/l151\/","title":{"rendered":"L151"},"content":{"rendered":"<p>L 151 ca un ribon de r\u0103\u0219in\u0103 premium, ofer\u0103 o calitate foarte bun\u0103 de imprimare la viteza de imprimare 6 IPS. Ofer\u0103 rezisten\u021b\u0103 superioar\u0103 la solven\u021bi, la pete \u0219i coroziune \u0219i la temperaturi \u00eenalte pe etichetele sintetice \u0219i pe film.<\/p>\n","protected":false},"excerpt":{"rendered":"<p>L 151 ca un ribon de r\u0103\u0219in\u0103 premium, ofer\u0103 o calitate foarte bun\u0103 de imprimare la viteza de imprimare 6 IPS. Ofer\u0103 rezisten\u021b\u0103 superioar\u0103 la solven\u021bi, la pete \u0219i coroziune \u0219i la temperaturi \u00eenalte pe etichetele sintetice \u0219i pe film.<\/p>\n","protected":false},"featured_media":0,"comment_status":"open","ping_status":"closed","template":"","meta":{"om_disable_all_campaigns":false,"_monsterinsights_skip_tracking":false,"_monsterinsights_sitenote_active":false,"_monsterinsights_sitenote_note":"","_monsterinsights_sitenote_category":0},"product_cat":[194],"product_tag":[],"class_list":{"0":"post-1375","1":"product","2":"type-product","3":"status-publish","5":"product_cat-serii-flat-head","6":"pa_application-automotive-ro","7":"pa_application-chemical-drum-labeling-ro","8":"pa_application-electronics-digital","9":"pa_application-hot-working-ro","10":"pa_application-industrial-ro","11":"pa_application-metal-ro","12":"pa_application-pharmaceutical-ro","13":"pa_application-produse-din-lemn-cherestea","14":"pa_application-tickets-product-id-ro","15":"pa_application-warehouse-storage-labels-ro","17":"first","18":"instock","19":"shipping-taxable","20":"product-type-simple"},"acf":[],"aioseo_notices":[],"_links":{"self":[{"href":"https:\/\/lemmaco.com\/ro\/wp-json\/wp\/v2\/product\/1375","targetHints":{"allow":["GET"]}}],"collection":[{"href":"https:\/\/lemmaco.com\/ro\/wp-json\/wp\/v2\/product"}],"about":[{"href":"https:\/\/lemmaco.com\/ro\/wp-json\/wp\/v2\/types\/product"}],"replies":[{"embeddable":true,"href":"https:\/\/lemmaco.com\/ro\/wp-json\/wp\/v2\/comments?post=1375"}],"wp:attachment":[{"href":"https:\/\/lemmaco.com\/ro\/wp-json\/wp\/v2\/media?parent=1375"}],"wp:term":[{"taxonomy":"product_cat","embeddable":true,"href":"https:\/\/lemmaco.com\/ro\/wp-json\/wp\/v2\/product_cat?post=1375"},{"taxonomy":"product_tag","embeddable":true,"href":"https:\/\/lemmaco.com\/ro\/wp-json\/wp\/v2\/product_tag?post=1375"}],"curies":[{"name":"wp","href":"https:\/\/api.w.org\/{rel}","templated":true}]}}