{"id":1374,"date":"2023-03-21T12:43:04","date_gmt":"2023-03-21T12:43:04","guid":{"rendered":"https:\/\/lemmaco.com\/product\/l150\/"},"modified":"2024-02-08T13:32:26","modified_gmt":"2024-02-08T13:32:26","slug":"l150","status":"publish","type":"product","link":"https:\/\/lemmaco.com\/ro\/produs\/l150\/","title":{"rendered":"L150"},"content":{"rendered":"<p>L-150 este un ribon din r\u0103\u0219in\u0103 potrivit pentru cele mai solicitante aplica\u021bii \u00een ceea ce prive\u0219te durabilitatea \u0219i costul. Adaptabilitatea sa extins\u0103 a etichetelor cu viteza de imprimare 6 IPS o face cea mai divers\u0103 r\u0103\u0219in\u0103 de acest gen. Are performan\u021be mai bune in competi\u021bia de rezisten\u021ba la abraziune, rezisten\u021ba la ap\u0103, lumina soarelui \u0219i rezisten\u021ba la coroziune pentru anumite etichete.<\/p>\n","protected":false},"excerpt":{"rendered":"<p>L-150 este un ribon din r\u0103\u0219in\u0103 potrivit pentru cele mai solicitante aplica\u021bii \u00een ceea ce prive\u0219te durabilitatea \u0219i costul. Adaptabilitatea sa extins\u0103 a etichetelor cu viteza de imprimare 6 IPS o face cea mai divers\u0103 r\u0103\u0219in\u0103 de acest gen. Are performan\u021be mai bune in competi\u021bia de rezisten\u021ba la abraziune, rezisten\u021ba la ap\u0103, lumina soarelui \u0219i [&hellip;]<\/p>\n","protected":false},"featured_media":0,"comment_status":"open","ping_status":"closed","template":"","meta":{"om_disable_all_campaigns":false,"_monsterinsights_skip_tracking":false,"_monsterinsights_sitenote_active":false,"_monsterinsights_sitenote_note":"","_monsterinsights_sitenote_category":0},"product_cat":[194],"product_tag":[],"class_list":{"0":"post-1374","1":"product","2":"type-product","3":"status-publish","5":"product_cat-serii-flat-head","6":"pa_application-automotive-ro","7":"pa_application-electronics-digital","8":"pa_application-equipment-ro","9":"pa_application-hot-working-ro","10":"pa_application-industrial-ro","11":"pa_application-logistic-shipping-labels-ro","12":"pa_application-medical-ro","13":"pa_application-metal-ro","14":"pa_application-pharmaceutical-ro","15":"pa_application-tickets-product-id-ro","17":"first","18":"instock","19":"shipping-taxable","20":"product-type-simple"},"acf":[],"aioseo_notices":[],"_links":{"self":[{"href":"https:\/\/lemmaco.com\/ro\/wp-json\/wp\/v2\/product\/1374","targetHints":{"allow":["GET"]}}],"collection":[{"href":"https:\/\/lemmaco.com\/ro\/wp-json\/wp\/v2\/product"}],"about":[{"href":"https:\/\/lemmaco.com\/ro\/wp-json\/wp\/v2\/types\/product"}],"replies":[{"embeddable":true,"href":"https:\/\/lemmaco.com\/ro\/wp-json\/wp\/v2\/comments?post=1374"}],"wp:attachment":[{"href":"https:\/\/lemmaco.com\/ro\/wp-json\/wp\/v2\/media?parent=1374"}],"wp:term":[{"taxonomy":"product_cat","embeddable":true,"href":"https:\/\/lemmaco.com\/ro\/wp-json\/wp\/v2\/product_cat?post=1374"},{"taxonomy":"product_tag","embeddable":true,"href":"https:\/\/lemmaco.com\/ro\/wp-json\/wp\/v2\/product_tag?post=1374"}],"curies":[{"name":"wp","href":"https:\/\/api.w.org\/{rel}","templated":true}]}}