{"id":1369,"date":"2023-03-21T12:36:05","date_gmt":"2023-03-21T12:36:05","guid":{"rendered":"https:\/\/lemmaco.com\/product\/l120\/"},"modified":"2024-02-08T13:27:01","modified_gmt":"2024-02-08T13:27:01","slug":"l120","status":"publish","type":"product","link":"https:\/\/lemmaco.com\/ro\/produs\/l120\/","title":{"rendered":"L120"},"content":{"rendered":"<p>L 120 este un ribon de cear\u0103 premium \u00eembun\u0103t\u0103\u021bit cu r\u0103\u0219in\u0103, destinat pentru a imprima pe o mare varietate de materiale de etichet\u0103, incluz\u00e2nd h\u00e2rtie \u0219i etichete cretate, necretate si\u00a0 l\u0103cuite, BOPP \u0219i multe alte h\u00e2rtii \u0219i filme. Ribonul L 120 de la Lemmaco ofer\u0103 o calitate excelent\u0103 a imprim\u0103rii \u0219i densitate mare la niveluri sc\u0103zute de energie. Viteza de imprimare este de 8 IPS\/200 mm\/s, cu o rezisten\u021b\u0103 excelent\u0103 la zg\u00e2rieturi \u0219i pete.<\/p>\n","protected":false},"excerpt":{"rendered":"<p>L 120 este un ribon de cear\u0103 premium \u00eembun\u0103t\u0103\u021bit cu r\u0103\u0219in\u0103, destinat pentru a imprima pe o mare varietate de materiale de etichet\u0103, incluz\u00e2nd h\u00e2rtie \u0219i etichete cretate, necretate si\u00a0 l\u0103cuite, BOPP \u0219i multe alte h\u00e2rtii \u0219i filme. Ribonul L 120 de la Lemmaco ofer\u0103 o calitate excelent\u0103 a imprim\u0103rii \u0219i densitate mare la niveluri [&hellip;]<\/p>\n","protected":false},"featured_media":0,"comment_status":"open","ping_status":"closed","template":"","meta":{"om_disable_all_campaigns":false,"_monsterinsights_skip_tracking":false,"_monsterinsights_sitenote_active":false,"_monsterinsights_sitenote_note":"","_monsterinsights_sitenote_category":0},"product_cat":[194],"product_tag":[],"class_list":{"0":"post-1369","1":"product","2":"type-product","3":"status-publish","5":"product_cat-serii-flat-head","6":"pa_application-industrial-ro","7":"pa_application-logistic-shipping-labels-ro","8":"pa_application-polybags-ro","9":"pa_application-produse-din-lemn-cherestea","10":"pa_application-retail-clothing-tags-ro","11":"pa_application-tickets-product-id-ro","12":"pa_application-warehouse-storage-labels-ro","14":"first","15":"instock","16":"shipping-taxable","17":"product-type-simple"},"acf":[],"aioseo_notices":[],"_links":{"self":[{"href":"https:\/\/lemmaco.com\/ro\/wp-json\/wp\/v2\/product\/1369","targetHints":{"allow":["GET"]}}],"collection":[{"href":"https:\/\/lemmaco.com\/ro\/wp-json\/wp\/v2\/product"}],"about":[{"href":"https:\/\/lemmaco.com\/ro\/wp-json\/wp\/v2\/types\/product"}],"replies":[{"embeddable":true,"href":"https:\/\/lemmaco.com\/ro\/wp-json\/wp\/v2\/comments?post=1369"}],"wp:attachment":[{"href":"https:\/\/lemmaco.com\/ro\/wp-json\/wp\/v2\/media?parent=1369"}],"wp:term":[{"taxonomy":"product_cat","embeddable":true,"href":"https:\/\/lemmaco.com\/ro\/wp-json\/wp\/v2\/product_cat?post=1369"},{"taxonomy":"product_tag","embeddable":true,"href":"https:\/\/lemmaco.com\/ro\/wp-json\/wp\/v2\/product_tag?post=1369"}],"curies":[{"name":"wp","href":"https:\/\/api.w.org\/{rel}","templated":true}]}}