{"id":1367,"date":"2023-03-21T12:33:33","date_gmt":"2023-03-21T12:33:33","guid":{"rendered":"https:\/\/lemmaco.com\/product\/l01\/"},"modified":"2024-02-08T12:50:29","modified_gmt":"2024-02-08T12:50:29","slug":"l01","status":"publish","type":"product","link":"https:\/\/lemmaco.com\/ro\/produs\/l01\/","title":{"rendered":"L01"},"content":{"rendered":"<p>L 01 este un ribon cu coduri de bare din cear\u0103 de uz general conceput pentru o versatilitate larg\u0103 de imprimare. Poate crea coduri de bare dense, texte clare \u0219i grafice. Ribonul L 01 de la Lemmaco ofer\u0103 o calitate excelent\u0103 a imprim\u0103rii \u0219i densitate mare la niveluri sc\u0103zute de energie. Viteza de imprimare este 4-8IPS.<\/p>\n","protected":false},"excerpt":{"rendered":"<p>L 01 este un ribon cu coduri de bare din cear\u0103 de uz general conceput pentru o versatilitate larg\u0103 de imprimare. Poate crea coduri de bare dense, texte clare \u0219i grafice. Ribonul L 01 de la Lemmaco ofer\u0103 o calitate excelent\u0103 a imprim\u0103rii \u0219i densitate mare la niveluri sc\u0103zute de energie. Viteza de imprimare este [&hellip;]<\/p>\n","protected":false},"featured_media":0,"comment_status":"open","ping_status":"closed","template":"","meta":{"om_disable_all_campaigns":false,"_monsterinsights_skip_tracking":false,"_monsterinsights_sitenote_active":false,"_monsterinsights_sitenote_note":"","_monsterinsights_sitenote_category":0},"product_cat":[194],"product_tag":[],"class_list":{"0":"post-1367","1":"product","2":"type-product","3":"status-publish","5":"product_cat-serii-flat-head","6":"pa_application-industrial-ro","7":"pa_application-logistic-shipping-labels-ro","8":"pa_application-polybags-ro","9":"pa_application-retail-clothing-tags-ro","10":"pa_application-tickets-product-id-ro","11":"pa_application-warehouse-storage-labels-ro","13":"first","14":"instock","15":"shipping-taxable","16":"product-type-simple"},"acf":[],"aioseo_notices":[],"_links":{"self":[{"href":"https:\/\/lemmaco.com\/ro\/wp-json\/wp\/v2\/product\/1367","targetHints":{"allow":["GET"]}}],"collection":[{"href":"https:\/\/lemmaco.com\/ro\/wp-json\/wp\/v2\/product"}],"about":[{"href":"https:\/\/lemmaco.com\/ro\/wp-json\/wp\/v2\/types\/product"}],"replies":[{"embeddable":true,"href":"https:\/\/lemmaco.com\/ro\/wp-json\/wp\/v2\/comments?post=1367"}],"wp:attachment":[{"href":"https:\/\/lemmaco.com\/ro\/wp-json\/wp\/v2\/media?parent=1367"}],"wp:term":[{"taxonomy":"product_cat","embeddable":true,"href":"https:\/\/lemmaco.com\/ro\/wp-json\/wp\/v2\/product_cat?post=1367"},{"taxonomy":"product_tag","embeddable":true,"href":"https:\/\/lemmaco.com\/ro\/wp-json\/wp\/v2\/product_tag?post=1367"}],"curies":[{"name":"wp","href":"https:\/\/api.w.org\/{rel}","templated":true}]}}