{"id":988,"date":"2023-03-21T12:37:41","date_gmt":"2023-03-21T12:37:41","guid":{"rendered":"https:\/\/lemmaco.com\/product\/l133\/"},"modified":"2024-03-13T13:29:30","modified_gmt":"2024-03-13T13:29:30","slug":"l133","status":"publish","type":"product","link":"https:\/\/lemmaco.com\/hu\/termek\/l133\/","title":{"rendered":"L133"},"content":{"rendered":"<p>Az L 133 nagyon j\u00f3 nyomtat\u00e1si min\u0151s\u00e9get biztos\u00edt 10 IPS nyomtat\u00e1si sebess\u00e9g mellett. Nagy elken\u0151d\u00e9s \u00e9s karc\u00e1ll\u00f3s\u00e1ggal b\u00edr minden bevonatlan, bevont pap\u00edron \u00e9s szintetikus anyagon. A kiv\u00e1l\u00f3 fejv\u00e9delmi technol\u00f3gia jelent\u0151sen megn\u00f6veli a nyomtat\u00e1si \u00e9lettartamot.<\/p>\n<p>&nbsp;<\/p>\n","protected":false},"excerpt":{"rendered":"<p>Az L 133 nagyon j\u00f3 nyomtat\u00e1si min\u0151s\u00e9get biztos\u00edt 10 IPS nyomtat\u00e1si sebess\u00e9g mellett. Nagy elken\u0151d\u00e9s \u00e9s karc\u00e1ll\u00f3s\u00e1ggal b\u00edr minden bevonatlan, bevont pap\u00edron \u00e9s szintetikus anyagon. A kiv\u00e1l\u00f3 fejv\u00e9delmi technol\u00f3gia jelent\u0151sen megn\u00f6veli a nyomtat\u00e1si \u00e9lettartamot. &nbsp;<\/p>\n","protected":false},"featured_media":0,"comment_status":"open","ping_status":"closed","template":"","meta":{"om_disable_all_campaigns":false,"_monsterinsights_skip_tracking":false,"_monsterinsights_sitenote_active":false,"_monsterinsights_sitenote_note":"","_monsterinsights_sitenote_category":0},"product_cat":[140],"product_tag":[],"class_list":{"0":"post-988","1":"product","2":"type-product","3":"status-publish","5":"product_cat-flat-head-szeriak","6":"pa_application-retail-clothing-tags-hu","7":"pa_application-industrial-hu","8":"pa_application-tickets-product-id-hu","9":"pa_application-logistic-shipping-labels-hu","10":"pa_application-polybags-hu","11":"pa_application-warehouse-storage-labels-hu","13":"first","14":"instock","15":"shipping-taxable","16":"product-type-simple"},"acf":[],"aioseo_notices":[],"_links":{"self":[{"href":"https:\/\/lemmaco.com\/hu\/wp-json\/wp\/v2\/product\/988","targetHints":{"allow":["GET"]}}],"collection":[{"href":"https:\/\/lemmaco.com\/hu\/wp-json\/wp\/v2\/product"}],"about":[{"href":"https:\/\/lemmaco.com\/hu\/wp-json\/wp\/v2\/types\/product"}],"replies":[{"embeddable":true,"href":"https:\/\/lemmaco.com\/hu\/wp-json\/wp\/v2\/comments?post=988"}],"wp:attachment":[{"href":"https:\/\/lemmaco.com\/hu\/wp-json\/wp\/v2\/media?parent=988"}],"wp:term":[{"taxonomy":"product_cat","embeddable":true,"href":"https:\/\/lemmaco.com\/hu\/wp-json\/wp\/v2\/product_cat?post=988"},{"taxonomy":"product_tag","embeddable":true,"href":"https:\/\/lemmaco.com\/hu\/wp-json\/wp\/v2\/product_tag?post=988"}],"curies":[{"name":"wp","href":"https:\/\/api.w.org\/{rel}","templated":true}]}}