{"id":983,"date":"2023-03-21T12:37:07","date_gmt":"2023-03-21T12:37:07","guid":{"rendered":"https:\/\/lemmaco.com\/product\/l125\/"},"modified":"2024-02-04T21:48:13","modified_gmt":"2024-02-04T21:48:13","slug":"l125","status":"publish","type":"product","link":"https:\/\/lemmaco.com\/hu\/termek\/l125\/","title":{"rendered":"L125"},"content":{"rendered":"<p>L 125 pr\u00e9mium resinnel er\u0151s\u00edtett wax TTR szalag a nyomtat\u00e1si lehet\u0151s\u00e9gek sz\u00e9les sk\u00e1l\u00e1j\u00e1ra kifejlesztve, bele\u00e9rtve a bevont \u00e9s bevonat n\u00e9lk\u00fcli pap\u00edrokat \u00e9s c\u00edmk\u00e9ket, lakkozott c\u00edmk\u00e9ket, BOPP-t \u00e9s sok m\u00e1s pap\u00edrt \u00e9s f\u00f3li\u00e1t. A Lemmaco L 125 kiv\u00e1l\u00f3 nyomtat\u00e1si min\u0151s\u00e9get \u00e9s nagy denzit\u00e1st biztos\u00edt alacsony energiaszint mellett. A nyomtat\u00e1si sebess\u00e9g 4-10IPS, kiv\u00e1l\u00f3 karc- \u00e9s elken\u0151d\u00e9s \u00e1ll\u00f3s\u00e1ggal.<\/p>\n","protected":false},"excerpt":{"rendered":"<p>L 125 pr\u00e9mium resinnel er\u0151s\u00edtett wax TTR szalag a nyomtat\u00e1si lehet\u0151s\u00e9gek sz\u00e9les sk\u00e1l\u00e1j\u00e1ra kifejlesztve, bele\u00e9rtve a bevont \u00e9s bevonat n\u00e9lk\u00fcli pap\u00edrokat \u00e9s c\u00edmk\u00e9ket, lakkozott c\u00edmk\u00e9ket, BOPP-t \u00e9s sok m\u00e1s pap\u00edrt \u00e9s f\u00f3li\u00e1t. A Lemmaco L 125 kiv\u00e1l\u00f3 nyomtat\u00e1si min\u0151s\u00e9get \u00e9s nagy denzit\u00e1st biztos\u00edt alacsony energiaszint mellett. A nyomtat\u00e1si sebess\u00e9g 4-10IPS, kiv\u00e1l\u00f3 karc- \u00e9s elken\u0151d\u00e9s \u00e1ll\u00f3s\u00e1ggal.<\/p>\n","protected":false},"featured_media":0,"comment_status":"open","ping_status":"closed","template":"","meta":{"om_disable_all_campaigns":false,"_monsterinsights_skip_tracking":false,"_monsterinsights_sitenote_active":false,"_monsterinsights_sitenote_note":"","_monsterinsights_sitenote_category":0},"product_cat":[140],"product_tag":[],"class_list":{"0":"post-983","1":"product","2":"type-product","3":"status-publish","5":"product_cat-flat-head-szeriak","6":"pa_application-retail-clothing-tags-hu","7":"pa_application-wooden-products-lumber-hu","8":"pa_application-industrial-hu","9":"pa_application-tickets-product-id-hu","10":"pa_application-logistic-shipping-labels-hu","11":"pa_application-polybags-hu","12":"pa_application-warehouse-storage-labels-hu","14":"first","15":"instock","16":"shipping-taxable","17":"product-type-simple"},"acf":[],"aioseo_notices":[],"_links":{"self":[{"href":"https:\/\/lemmaco.com\/hu\/wp-json\/wp\/v2\/product\/983","targetHints":{"allow":["GET"]}}],"collection":[{"href":"https:\/\/lemmaco.com\/hu\/wp-json\/wp\/v2\/product"}],"about":[{"href":"https:\/\/lemmaco.com\/hu\/wp-json\/wp\/v2\/types\/product"}],"replies":[{"embeddable":true,"href":"https:\/\/lemmaco.com\/hu\/wp-json\/wp\/v2\/comments?post=983"}],"wp:attachment":[{"href":"https:\/\/lemmaco.com\/hu\/wp-json\/wp\/v2\/media?parent=983"}],"wp:term":[{"taxonomy":"product_cat","embeddable":true,"href":"https:\/\/lemmaco.com\/hu\/wp-json\/wp\/v2\/product_cat?post=983"},{"taxonomy":"product_tag","embeddable":true,"href":"https:\/\/lemmaco.com\/hu\/wp-json\/wp\/v2\/product_tag?post=983"}],"curies":[{"name":"wp","href":"https:\/\/api.w.org\/{rel}","templated":true}]}}