{"id":960,"date":"2023-03-21T12:33:33","date_gmt":"2023-03-21T12:33:33","guid":{"rendered":"https:\/\/lemmaco.com\/product\/l01\/"},"modified":"2024-02-04T11:21:11","modified_gmt":"2024-02-04T11:21:11","slug":"l01","status":"publish","type":"product","link":"https:\/\/lemmaco.com\/hu\/termek\/l01\/","title":{"rendered":"L01"},"content":{"rendered":"<p>L 01 egy \u00e1ltal\u00e1nos wax TTR szalag a nyomtat\u00e1si lehet\u0151s\u00e9gek sz\u00e9les sk\u00e1l\u00e1j\u00e1ra kifejlesztve. \u00c9les, fekete sz\u00f6veg \u00e9s grafikai nyomat biztos\u00edt\u00e1s\u00e1t teszi lehet\u0151v\u00e9. A Lemmaco L01-es szalagja kiv\u00e1l\u00f3 nyomtat\u00e1si min\u0151s\u00e9get \u00e9s magas denzit\u00e1st biztos\u00edt alacsony energiafelhaszn\u00e1l\u00e1s mellett. Nyomtat\u00e1si sebess\u00e9g: 4-8IPS.<\/p>\n","protected":false},"excerpt":{"rendered":"<p>L 01 egy \u00e1ltal\u00e1nos wax TTR szalag a nyomtat\u00e1si lehet\u0151s\u00e9gek sz\u00e9les sk\u00e1l\u00e1j\u00e1ra kifejlesztve. \u00c9les, fekete sz\u00f6veg \u00e9s grafikai nyomat biztos\u00edt\u00e1s\u00e1t teszi lehet\u0151v\u00e9. A Lemmaco L01-es szalagja kiv\u00e1l\u00f3 nyomtat\u00e1si min\u0151s\u00e9get \u00e9s magas denzit\u00e1st biztos\u00edt alacsony energiafelhaszn\u00e1l\u00e1s mellett. Nyomtat\u00e1si sebess\u00e9g: 4-8IPS.<\/p>\n","protected":false},"featured_media":0,"comment_status":"open","ping_status":"closed","template":"","meta":{"om_disable_all_campaigns":false,"_monsterinsights_skip_tracking":false,"_monsterinsights_sitenote_active":false,"_monsterinsights_sitenote_note":"","_monsterinsights_sitenote_category":0},"product_cat":[140],"product_tag":[],"class_list":{"0":"post-960","1":"product","2":"type-product","3":"status-publish","5":"product_cat-flat-head-szeriak","6":"pa_application-retail-clothing-tags-hu","7":"pa_application-industrial-hu","8":"pa_application-tickets-product-id-hu","9":"pa_application-logistic-shipping-labels-hu","10":"pa_application-polybags-hu","11":"pa_application-warehouse-storage-labels-hu","13":"first","14":"instock","15":"shipping-taxable","16":"product-type-simple"},"acf":[],"aioseo_notices":[],"_links":{"self":[{"href":"https:\/\/lemmaco.com\/hu\/wp-json\/wp\/v2\/product\/960","targetHints":{"allow":["GET"]}}],"collection":[{"href":"https:\/\/lemmaco.com\/hu\/wp-json\/wp\/v2\/product"}],"about":[{"href":"https:\/\/lemmaco.com\/hu\/wp-json\/wp\/v2\/types\/product"}],"replies":[{"embeddable":true,"href":"https:\/\/lemmaco.com\/hu\/wp-json\/wp\/v2\/comments?post=960"}],"wp:attachment":[{"href":"https:\/\/lemmaco.com\/hu\/wp-json\/wp\/v2\/media?parent=960"}],"wp:term":[{"taxonomy":"product_cat","embeddable":true,"href":"https:\/\/lemmaco.com\/hu\/wp-json\/wp\/v2\/product_cat?post=960"},{"taxonomy":"product_tag","embeddable":true,"href":"https:\/\/lemmaco.com\/hu\/wp-json\/wp\/v2\/product_tag?post=960"}],"curies":[{"name":"wp","href":"https:\/\/api.w.org\/{rel}","templated":true}]}}