{"id":1889,"date":"2024-03-25T12:29:52","date_gmt":"2024-03-25T12:29:52","guid":{"rendered":"https:\/\/lemmaco.com\/product\/pet-matt-white\/"},"modified":"2024-03-25T12:49:46","modified_gmt":"2024-03-25T12:49:46","slug":"pet-matt-white","status":"publish","type":"product","link":"https:\/\/lemmaco.com\/hu\/termek\/pet-matt-white\/","title":{"rendered":"PET matt feh\u00e9r"},"content":{"rendered":"<p>Feh\u00e9r, matt, poli\u00e9szter f\u00f3lia. Univerz\u00e1lis tart\u00f3s c\u00edmk\u00e9z\u00e9si megold\u00e1sokra tervezett term\u00e9k, amely a felc\u00edmk\u00e9zett term\u00e9k \u00e9lettartama alatt nagyon j\u00f3 tapad\u00e1st \u00e9s j\u00f3 ellen\u00e1ll\u00f3s\u00e1got biztos\u00edt a vegyszerekkel, UV sug\u00e1rz\u00e1ssal, h\u0151vel \u00e9s nedvess\u00e9ggel szemben. Univerz\u00e1lis felhaszn\u00e1lhat\u00f3s\u00e1ga seg\u00edt leegyszer\u0171s\u00edteni a term\u00e9kportf\u00f3li\u00f3kat, \u00e9s cs\u00f6kkenti a c\u00edmkeanyagok tesztel\u00e9si ig\u00e9ny\u00e9t. Alkalmas flexo, szita- \u00e9s ofszetnyomtat\u00e1si elj\u00e1r\u00e1sokhoz is. Speci\u00e1lis, nem nedvsz\u00edv\u00f3 anyagokhoz tervezett fest\u00e9kek alkalmaz\u00e1sa javasolt. A thermal transfer nyomtat\u00e1sra is alkalmas a megfelel\u0151en kiv\u00e1lasztott szalaggal.<\/p>\n","protected":false},"excerpt":{"rendered":"<p>Feh\u00e9r, matt, poli\u00e9szter f\u00f3lia. Univerz\u00e1lis tart\u00f3s c\u00edmk\u00e9z\u00e9si megold\u00e1sokra tervezett term\u00e9k, amely a felc\u00edmk\u00e9zett term\u00e9k \u00e9lettartama alatt nagyon j\u00f3 tapad\u00e1st \u00e9s j\u00f3 ellen\u00e1ll\u00f3s\u00e1got biztos\u00edt a vegyszerekkel, UV sug\u00e1rz\u00e1ssal, h\u0151vel \u00e9s nedvess\u00e9ggel szemben. Univerz\u00e1lis felhaszn\u00e1lhat\u00f3s\u00e1ga seg\u00edt leegyszer\u0171s\u00edteni a term\u00e9kportf\u00f3li\u00f3kat, \u00e9s cs\u00f6kkenti a c\u00edmkeanyagok tesztel\u00e9si ig\u00e9ny\u00e9t. Alkalmas flexo, szita- \u00e9s ofszetnyomtat\u00e1si elj\u00e1r\u00e1sokhoz is. Speci\u00e1lis, nem nedvsz\u00edv\u00f3 anyagokhoz tervezett [&hellip;]<\/p>\n","protected":false},"featured_media":0,"comment_status":"open","ping_status":"closed","template":"","meta":{"om_disable_all_campaigns":false,"_monsterinsights_skip_tracking":false,"_monsterinsights_sitenote_active":false,"_monsterinsights_sitenote_note":"","_monsterinsights_sitenote_category":0},"product_cat":[137],"product_tag":[],"class_list":{"0":"post-1889","1":"product","2":"type-product","3":"status-publish","5":"product_cat-ontapado-cimkek","7":"first","8":"instock","9":"shipping-taxable","10":"product-type-simple"},"acf":[],"aioseo_notices":[],"_links":{"self":[{"href":"https:\/\/lemmaco.com\/hu\/wp-json\/wp\/v2\/product\/1889","targetHints":{"allow":["GET"]}}],"collection":[{"href":"https:\/\/lemmaco.com\/hu\/wp-json\/wp\/v2\/product"}],"about":[{"href":"https:\/\/lemmaco.com\/hu\/wp-json\/wp\/v2\/types\/product"}],"replies":[{"embeddable":true,"href":"https:\/\/lemmaco.com\/hu\/wp-json\/wp\/v2\/comments?post=1889"}],"wp:attachment":[{"href":"https:\/\/lemmaco.com\/hu\/wp-json\/wp\/v2\/media?parent=1889"}],"wp:term":[{"taxonomy":"product_cat","embeddable":true,"href":"https:\/\/lemmaco.com\/hu\/wp-json\/wp\/v2\/product_cat?post=1889"},{"taxonomy":"product_tag","embeddable":true,"href":"https:\/\/lemmaco.com\/hu\/wp-json\/wp\/v2\/product_tag?post=1889"}],"curies":[{"name":"wp","href":"https:\/\/api.w.org\/{rel}","templated":true}]}}