{"id":1806,"date":"2024-03-22T12:46:59","date_gmt":"2024-03-22T12:46:59","guid":{"rendered":"https:\/\/lemmaco.com\/?post_type=product&#038;p=1806"},"modified":"2024-03-22T12:57:40","modified_gmt":"2024-03-22T12:57:40","slug":"koo-lite","status":"publish","type":"product","link":"https:\/\/lemmaco.com\/hu\/termek\/koo-lite\/","title":{"rendered":"KOO+ Lite"},"content":{"rendered":"<p>Fel\u00fclnyomtathat\u00f3 ofszet hideg f\u00f3lia, v\u00e9kony vonalakhoz. Holografikus hat\u00e1s\u00fa, \u00e9les kont\u00farokkal rendelkez\u0151 magas f\u00e9ny\u0171 fel\u00fcleti fedetts\u00e9get biztos\u00edt\u00f3 nyomatot eredm\u00e9nyez.<\/p>\n","protected":false},"excerpt":{"rendered":"<p>Fel\u00fclnyomtathat\u00f3 ofszet hideg f\u00f3lia, v\u00e9kony vonalakhoz. Holografikus hat\u00e1s\u00fa, \u00e9les kont\u00farokkal rendelkez\u0151 magas f\u00e9ny\u0171 fel\u00fcleti fedetts\u00e9get biztos\u00edt\u00f3 nyomatot eredm\u00e9nyez.<\/p>\n","protected":false},"featured_media":0,"comment_status":"open","ping_status":"closed","template":"","meta":{"om_disable_all_campaigns":false,"_monsterinsights_skip_tracking":false,"_monsterinsights_sitenote_active":false,"_monsterinsights_sitenote_note":"","_monsterinsights_sitenote_category":0},"product_cat":[146],"product_tag":[],"class_list":{"0":"post-1806","1":"product","2":"type-product","3":"status-publish","5":"product_cat-foliak-ofszet-technologiahoz","7":"first","8":"instock","9":"shipping-taxable","10":"product-type-simple"},"acf":[],"aioseo_notices":[],"_links":{"self":[{"href":"https:\/\/lemmaco.com\/hu\/wp-json\/wp\/v2\/product\/1806","targetHints":{"allow":["GET"]}}],"collection":[{"href":"https:\/\/lemmaco.com\/hu\/wp-json\/wp\/v2\/product"}],"about":[{"href":"https:\/\/lemmaco.com\/hu\/wp-json\/wp\/v2\/types\/product"}],"replies":[{"embeddable":true,"href":"https:\/\/lemmaco.com\/hu\/wp-json\/wp\/v2\/comments?post=1806"}],"wp:attachment":[{"href":"https:\/\/lemmaco.com\/hu\/wp-json\/wp\/v2\/media?parent=1806"}],"wp:term":[{"taxonomy":"product_cat","embeddable":true,"href":"https:\/\/lemmaco.com\/hu\/wp-json\/wp\/v2\/product_cat?post=1806"},{"taxonomy":"product_tag","embeddable":true,"href":"https:\/\/lemmaco.com\/hu\/wp-json\/wp\/v2\/product_tag?post=1806"}],"curies":[{"name":"wp","href":"https:\/\/api.w.org\/{rel}","templated":true}]}}