{"id":1319,"date":"2023-05-02T12:39:57","date_gmt":"2023-05-02T12:39:57","guid":{"rendered":"https:\/\/lemmaco.com\/product\/75-micron\/"},"modified":"2024-02-05T14:15:20","modified_gmt":"2024-02-05T14:15:20","slug":"75-micron","status":"publish","type":"product","link":"https:\/\/lemmaco.com\/hu\/termek\/75-micron\/","title":{"rendered":"75 micron"},"content":{"rendered":"<p>\u00c1tl\u00e1tsz\u00f3 poli\u00e9szter f\u00f3lia v\u00e9di a term\u00e9ket, m\u00e9gis betekint\u00e9st enged a doboz belsej\u00e9be. K\u00fcl\u00f6nf\u00e9le ipari, csomagol\u00f3ipari alkalmaz\u00e1sokhoz tervezt\u00e9k. Kiv\u00e1l\u00f3 m\u00e9retstabilit\u00e1ssal rendelkezik sz\u00e9les h\u0151m\u00e9rs\u00e9kleti tartom\u00e1nyban<\/p>\n","protected":false},"excerpt":{"rendered":"<p>\u00c1tl\u00e1tsz\u00f3 poli\u00e9szter f\u00f3lia v\u00e9di a term\u00e9ket, m\u00e9gis betekint\u00e9st enged a doboz belsej\u00e9be. K\u00fcl\u00f6nf\u00e9le ipari, csomagol\u00f3ipari alkalmaz\u00e1sokhoz tervezt\u00e9k. Kiv\u00e1l\u00f3 m\u00e9retstabilit\u00e1ssal rendelkezik sz\u00e9les h\u0151m\u00e9rs\u00e9kleti tartom\u00e1nyban<\/p>\n","protected":false},"featured_media":0,"comment_status":"open","ping_status":"closed","template":"","meta":{"om_disable_all_campaigns":false,"_monsterinsights_skip_tracking":false,"_monsterinsights_sitenote_active":false,"_monsterinsights_sitenote_note":"","_monsterinsights_sitenote_category":0},"product_cat":[160],"product_tag":[],"class_list":{"0":"post-1319","1":"product","2":"type-product","3":"status-publish","5":"product_cat-window-patching-films-hu","7":"first","8":"instock","9":"shipping-taxable","10":"product-type-simple"},"acf":[],"aioseo_notices":[],"_links":{"self":[{"href":"https:\/\/lemmaco.com\/hu\/wp-json\/wp\/v2\/product\/1319","targetHints":{"allow":["GET"]}}],"collection":[{"href":"https:\/\/lemmaco.com\/hu\/wp-json\/wp\/v2\/product"}],"about":[{"href":"https:\/\/lemmaco.com\/hu\/wp-json\/wp\/v2\/types\/product"}],"replies":[{"embeddable":true,"href":"https:\/\/lemmaco.com\/hu\/wp-json\/wp\/v2\/comments?post=1319"}],"wp:attachment":[{"href":"https:\/\/lemmaco.com\/hu\/wp-json\/wp\/v2\/media?parent=1319"}],"wp:term":[{"taxonomy":"product_cat","embeddable":true,"href":"https:\/\/lemmaco.com\/hu\/wp-json\/wp\/v2\/product_cat?post=1319"},{"taxonomy":"product_tag","embeddable":true,"href":"https:\/\/lemmaco.com\/hu\/wp-json\/wp\/v2\/product_tag?post=1319"}],"curies":[{"name":"wp","href":"https:\/\/api.w.org\/{rel}","templated":true}]}}