{"id":1301,"date":"2023-05-03T08:40:06","date_gmt":"2023-05-03T08:40:06","guid":{"rendered":"https:\/\/lemmaco.com\/product\/pe-gloss-white\/"},"modified":"2024-03-18T21:52:04","modified_gmt":"2024-03-18T21:52:04","slug":"pe-gloss-white","status":"publish","type":"product","link":"https:\/\/lemmaco.com\/hu\/termek\/pe-gloss-white\/","title":{"rendered":"PE Gloss White"},"content":{"rendered":"<p>F\u00e9nyes feh\u00e9r bevont polietil\u00e9n akril ragaszt\u00f3val, er\u0151s tapad\u00e1si tulajdons\u00e1gokkal apol\u00e1ris fel\u00fcleteken is.<\/p>\n<p>Rugalmas csomagol\u00e1sok term\u00e9kc\u00edmk\u00e9ihez aj\u00e1nlott olyan alkalmaz\u00e1sokban, ahol fontos a tart\u00f3ss\u00e1g \u00e9s v\u00edz\u00e1ll\u00f3s\u00e1g. \u00c9lelmiszer, eg\u00e9szs\u00e9g\u00fcgyi \u00e9s test\u00e1pol\u00e1si term\u00e9kek, h\u00e1ztart\u00e1si vegyszerek c\u00edmk\u00e9z\u00e9s\u00e9n\u00e9l is aj\u00e1nlott.<\/p>\n<p>Alkalmas flexo, ofszet, szita, hot stamping \u00e9s TTR nyomtat\u00e1sra.<\/p>\n","protected":false},"excerpt":{"rendered":"<p>F\u00e9nyes feh\u00e9r bevont polietil\u00e9n akril ragaszt\u00f3val, er\u0151s tapad\u00e1si tulajdons\u00e1gokkal apol\u00e1ris fel\u00fcleteken is. Rugalmas csomagol\u00e1sok term\u00e9kc\u00edmk\u00e9ihez aj\u00e1nlott olyan alkalmaz\u00e1sokban, ahol fontos a tart\u00f3ss\u00e1g \u00e9s v\u00edz\u00e1ll\u00f3s\u00e1g. \u00c9lelmiszer, eg\u00e9szs\u00e9g\u00fcgyi \u00e9s test\u00e1pol\u00e1si term\u00e9kek, h\u00e1ztart\u00e1si vegyszerek c\u00edmk\u00e9z\u00e9s\u00e9n\u00e9l is aj\u00e1nlott. Alkalmas flexo, ofszet, szita, hot stamping \u00e9s TTR nyomtat\u00e1sra.<\/p>\n","protected":false},"featured_media":0,"comment_status":"open","ping_status":"closed","template":"","meta":{"om_disable_all_campaigns":false,"_monsterinsights_skip_tracking":false,"_monsterinsights_sitenote_active":false,"_monsterinsights_sitenote_note":"","_monsterinsights_sitenote_category":0},"product_cat":[137],"product_tag":[],"class_list":{"0":"post-1301","1":"product","2":"type-product","3":"status-publish","5":"product_cat-ontapado-cimkek","7":"first","8":"instock","9":"shipping-taxable","10":"product-type-simple"},"acf":[],"aioseo_notices":[],"_links":{"self":[{"href":"https:\/\/lemmaco.com\/hu\/wp-json\/wp\/v2\/product\/1301","targetHints":{"allow":["GET"]}}],"collection":[{"href":"https:\/\/lemmaco.com\/hu\/wp-json\/wp\/v2\/product"}],"about":[{"href":"https:\/\/lemmaco.com\/hu\/wp-json\/wp\/v2\/types\/product"}],"replies":[{"embeddable":true,"href":"https:\/\/lemmaco.com\/hu\/wp-json\/wp\/v2\/comments?post=1301"}],"wp:attachment":[{"href":"https:\/\/lemmaco.com\/hu\/wp-json\/wp\/v2\/media?parent=1301"}],"wp:term":[{"taxonomy":"product_cat","embeddable":true,"href":"https:\/\/lemmaco.com\/hu\/wp-json\/wp\/v2\/product_cat?post=1301"},{"taxonomy":"product_tag","embeddable":true,"href":"https:\/\/lemmaco.com\/hu\/wp-json\/wp\/v2\/product_tag?post=1301"}],"curies":[{"name":"wp","href":"https:\/\/api.w.org\/{rel}","templated":true}]}}