{"id":1267,"date":"2023-05-02T15:16:07","date_gmt":"2023-05-02T15:16:07","guid":{"rendered":"https:\/\/lemmaco.com\/product\/e00223-uf-uv-flexo-varnish-general-purpose-matt\/"},"modified":"2024-04-02T08:34:24","modified_gmt":"2024-04-02T08:34:24","slug":"e00223-uf-uv-flexo-varnish-general-purpose-matt","status":"publish","type":"product","link":"https:\/\/lemmaco.com\/hu\/termek\/e00223-uf-uv-flexo-varnish-general-purpose-matt\/","title":{"rendered":"E00223UF Matt UV flexo lakk"},"content":{"rendered":"<p>Az E 00223\u00a0 matt lakk k\u00fcl\u00f6nb\u00f6z\u0151 felhaszn\u00e1l\u00e1si lehet\u0151s\u00e9gekhez k\u00edn\u00e1l megold\u00e1st: flexo, UV \u00e9s\u00a0 roll-to roll ofszet g\u00e9peken. \u00d6ntapad\u00f3 alapanyagok sz\u00e9les sk\u00e1l\u00e1j\u00e1n t\u00f6rt\u00e9n\u0151 felhaszn\u00e1l\u00e1sra alkalmas, f\u00e9nyes, f\u00e9lf\u00e9nyes pap\u00edrokon illetve PE\/PP anyagokon<\/p>\n","protected":false},"excerpt":{"rendered":"<p>Az E 00223\u00a0 matt lakk k\u00fcl\u00f6nb\u00f6z\u0151 felhaszn\u00e1l\u00e1si lehet\u0151s\u00e9gekhez k\u00edn\u00e1l megold\u00e1st: flexo, UV \u00e9s\u00a0 roll-to roll ofszet g\u00e9peken. \u00d6ntapad\u00f3 alapanyagok sz\u00e9les sk\u00e1l\u00e1j\u00e1n t\u00f6rt\u00e9n\u0151 felhaszn\u00e1l\u00e1sra alkalmas, f\u00e9nyes, f\u00e9lf\u00e9nyes pap\u00edrokon illetve PE\/PP anyagokon<\/p>\n","protected":false},"featured_media":0,"comment_status":"open","ping_status":"closed","template":"","meta":{"om_disable_all_campaigns":false,"_monsterinsights_skip_tracking":false,"_monsterinsights_sitenote_active":false,"_monsterinsights_sitenote_note":"","_monsterinsights_sitenote_category":0},"product_cat":[158],"product_tag":[],"class_list":{"0":"post-1267","1":"product","2":"type-product","3":"status-publish","5":"product_cat-uv-lakkok-flexo-technologiahoz","7":"first","8":"instock","9":"shipping-taxable","10":"product-type-simple"},"acf":[],"aioseo_notices":[],"_links":{"self":[{"href":"https:\/\/lemmaco.com\/hu\/wp-json\/wp\/v2\/product\/1267","targetHints":{"allow":["GET"]}}],"collection":[{"href":"https:\/\/lemmaco.com\/hu\/wp-json\/wp\/v2\/product"}],"about":[{"href":"https:\/\/lemmaco.com\/hu\/wp-json\/wp\/v2\/types\/product"}],"replies":[{"embeddable":true,"href":"https:\/\/lemmaco.com\/hu\/wp-json\/wp\/v2\/comments?post=1267"}],"wp:attachment":[{"href":"https:\/\/lemmaco.com\/hu\/wp-json\/wp\/v2\/media?parent=1267"}],"wp:term":[{"taxonomy":"product_cat","embeddable":true,"href":"https:\/\/lemmaco.com\/hu\/wp-json\/wp\/v2\/product_cat?post=1267"},{"taxonomy":"product_tag","embeddable":true,"href":"https:\/\/lemmaco.com\/hu\/wp-json\/wp\/v2\/product_tag?post=1267"}],"curies":[{"name":"wp","href":"https:\/\/api.w.org\/{rel}","templated":true}]}}