{"id":1261,"date":"2023-04-06T08:45:42","date_gmt":"2023-04-06T08:45:42","guid":{"rendered":"https:\/\/lemmaco.com\/product\/digital-matt\/"},"modified":"2024-03-18T21:27:39","modified_gmt":"2024-03-18T21:27:39","slug":"digital-matt","status":"publish","type":"product","link":"https:\/\/lemmaco.com\/hu\/termek\/digital-matt\/","title":{"rendered":"Thermal Digit\u00e1lis matt f\u00f3lia"},"content":{"rendered":"<p>Matt polipropil\u00e9n kopolimer f\u00f3lia, nyomtatott anyagok lamin\u00e1l\u00e1s\u00e1ra, fel\u00fcletnemes\u00edt\u00e9s\u00e9re. A tapad\u00e1s a kopolimerben tal\u00e1lhat\u00f3 h\u0151\u00e9rz\u00e9keny resin aktiv\u00e1l\u00e1s\u00e1val j\u00f6n l\u00e9tre.<\/p>\n","protected":false},"excerpt":{"rendered":"<p>Matt polipropil\u00e9n kopolimer f\u00f3lia, nyomtatott anyagok lamin\u00e1l\u00e1s\u00e1ra, fel\u00fcletnemes\u00edt\u00e9s\u00e9re. A tapad\u00e1s a kopolimerben tal\u00e1lhat\u00f3 h\u0151\u00e9rz\u00e9keny resin aktiv\u00e1l\u00e1s\u00e1val j\u00f6n l\u00e9tre.<\/p>\n","protected":false},"featured_media":0,"comment_status":"open","ping_status":"closed","template":"","meta":{"om_disable_all_campaigns":false,"_monsterinsights_skip_tracking":false,"_monsterinsights_sitenote_active":false,"_monsterinsights_sitenote_note":"","_monsterinsights_sitenote_category":0},"product_cat":[155],"product_tag":[],"class_list":{"0":"post-1261","1":"product","2":"type-product","3":"status-publish","5":"product_cat-thermal-foliak","7":"first","8":"instock","9":"shipping-taxable","10":"product-type-simple"},"acf":[],"aioseo_notices":[],"_links":{"self":[{"href":"https:\/\/lemmaco.com\/hu\/wp-json\/wp\/v2\/product\/1261","targetHints":{"allow":["GET"]}}],"collection":[{"href":"https:\/\/lemmaco.com\/hu\/wp-json\/wp\/v2\/product"}],"about":[{"href":"https:\/\/lemmaco.com\/hu\/wp-json\/wp\/v2\/types\/product"}],"replies":[{"embeddable":true,"href":"https:\/\/lemmaco.com\/hu\/wp-json\/wp\/v2\/comments?post=1261"}],"wp:attachment":[{"href":"https:\/\/lemmaco.com\/hu\/wp-json\/wp\/v2\/media?parent=1261"}],"wp:term":[{"taxonomy":"product_cat","embeddable":true,"href":"https:\/\/lemmaco.com\/hu\/wp-json\/wp\/v2\/product_cat?post=1261"},{"taxonomy":"product_tag","embeddable":true,"href":"https:\/\/lemmaco.com\/hu\/wp-json\/wp\/v2\/product_tag?post=1261"}],"curies":[{"name":"wp","href":"https:\/\/api.w.org\/{rel}","templated":true}]}}