{"id":1243,"date":"2023-05-03T13:33:48","date_gmt":"2023-05-03T13:33:48","guid":{"rendered":"https:\/\/lemmaco.com\/product\/metalized-gold\/"},"modified":"2024-03-18T21:26:02","modified_gmt":"2024-03-18T21:26:02","slug":"metalized-gold","status":"publish","type":"product","link":"https:\/\/lemmaco.com\/hu\/termek\/metalized-gold\/","title":{"rendered":"Thermal Metaliz\u00e1lt arany f\u00f3lia"},"content":{"rendered":"<p>Ez a metaliz\u00e1lt poli\u00e9szter alap\u00fa f\u00f3lia figyelemfelkel\u0151 vizu\u00e1lis hat\u00e1ssal rendelkezik. Egyik oldala arany\/ez\u00fcst metaliz\u00e1lt bevonat\u00fa. A film nyomtatott \u00e9s nyomatlan pap\u00edrra, kartonra felhaszn\u00e1lhat\u00f3, kiv\u00e1l\u00f3 d\u00f6rzs\u00f6l\u00e9s, karc \u00e9s szak\u00edt\u00e1s \u00e1ll\u00f3s\u00e1ggal rendelkezik.<\/p>\n","protected":false},"excerpt":{"rendered":"<p>Ez a metaliz\u00e1lt poli\u00e9szter alap\u00fa f\u00f3lia figyelemfelkel\u0151 vizu\u00e1lis hat\u00e1ssal rendelkezik. Egyik oldala arany\/ez\u00fcst metaliz\u00e1lt bevonat\u00fa. A film nyomtatott \u00e9s nyomatlan pap\u00edrra, kartonra felhaszn\u00e1lhat\u00f3, kiv\u00e1l\u00f3 d\u00f6rzs\u00f6l\u00e9s, karc \u00e9s szak\u00edt\u00e1s \u00e1ll\u00f3s\u00e1ggal rendelkezik.<\/p>\n","protected":false},"featured_media":0,"comment_status":"open","ping_status":"closed","template":"","meta":{"om_disable_all_campaigns":false,"_monsterinsights_skip_tracking":false,"_monsterinsights_sitenote_active":false,"_monsterinsights_sitenote_note":"","_monsterinsights_sitenote_category":0},"product_cat":[155],"product_tag":[],"class_list":{"0":"post-1243","1":"product","2":"type-product","3":"status-publish","5":"product_cat-thermal-foliak","7":"first","8":"instock","9":"shipping-taxable","10":"product-type-simple"},"acf":[],"aioseo_notices":[],"_links":{"self":[{"href":"https:\/\/lemmaco.com\/hu\/wp-json\/wp\/v2\/product\/1243","targetHints":{"allow":["GET"]}}],"collection":[{"href":"https:\/\/lemmaco.com\/hu\/wp-json\/wp\/v2\/product"}],"about":[{"href":"https:\/\/lemmaco.com\/hu\/wp-json\/wp\/v2\/types\/product"}],"replies":[{"embeddable":true,"href":"https:\/\/lemmaco.com\/hu\/wp-json\/wp\/v2\/comments?post=1243"}],"wp:attachment":[{"href":"https:\/\/lemmaco.com\/hu\/wp-json\/wp\/v2\/media?parent=1243"}],"wp:term":[{"taxonomy":"product_cat","embeddable":true,"href":"https:\/\/lemmaco.com\/hu\/wp-json\/wp\/v2\/product_cat?post=1243"},{"taxonomy":"product_tag","embeddable":true,"href":"https:\/\/lemmaco.com\/hu\/wp-json\/wp\/v2\/product_tag?post=1243"}],"curies":[{"name":"wp","href":"https:\/\/api.w.org\/{rel}","templated":true}]}}