{"id":1209,"date":"2023-04-06T08:08:57","date_gmt":"2023-04-06T08:08:57","guid":{"rendered":"https:\/\/lemmaco.com\/product\/thermal-standard-matt\/"},"modified":"2024-03-14T15:35:44","modified_gmt":"2024-03-14T15:35:44","slug":"thermal-standard-matt","status":"publish","type":"product","link":"https:\/\/lemmaco.com\/hu\/termek\/thermal-standard-matt\/","title":{"rendered":"Thermal matt f\u00f3lia"},"content":{"rendered":"<p>Matt polietil\u00e9n f\u00f3lia, nyomtatott anyagok lamin\u00e1l\u00e1s\u00e1ra. A film koronakezelt ez\u00e9rt k\u00fcl\u00f6nb\u00f6z\u0151 felhaszn\u00e1l\u00e1si technol\u00f3gi\u00e1khoz is t\u00f6k\u00e9letesen alkalmazhat\u00f3, kit\u0171n\u0151 mechanikai tulajdons\u00e1gokkal rendelkezik.<\/p>\n","protected":false},"excerpt":{"rendered":"<p>Matt polietil\u00e9n f\u00f3lia, nyomtatott anyagok lamin\u00e1l\u00e1s\u00e1ra. A film koronakezelt ez\u00e9rt k\u00fcl\u00f6nb\u00f6z\u0151 felhaszn\u00e1l\u00e1si technol\u00f3gi\u00e1khoz is t\u00f6k\u00e9letesen alkalmazhat\u00f3, kit\u0171n\u0151 mechanikai tulajdons\u00e1gokkal rendelkezik.<\/p>\n","protected":false},"featured_media":0,"comment_status":"open","ping_status":"closed","template":"","meta":{"om_disable_all_campaigns":false,"_monsterinsights_skip_tracking":false,"_monsterinsights_sitenote_active":false,"_monsterinsights_sitenote_note":"","_monsterinsights_sitenote_category":0},"product_cat":[155],"product_tag":[],"class_list":{"0":"post-1209","1":"product","2":"type-product","3":"status-publish","5":"product_cat-thermal-foliak","7":"first","8":"instock","9":"shipping-taxable","10":"product-type-simple"},"acf":[],"aioseo_notices":[],"_links":{"self":[{"href":"https:\/\/lemmaco.com\/hu\/wp-json\/wp\/v2\/product\/1209","targetHints":{"allow":["GET"]}}],"collection":[{"href":"https:\/\/lemmaco.com\/hu\/wp-json\/wp\/v2\/product"}],"about":[{"href":"https:\/\/lemmaco.com\/hu\/wp-json\/wp\/v2\/types\/product"}],"replies":[{"embeddable":true,"href":"https:\/\/lemmaco.com\/hu\/wp-json\/wp\/v2\/comments?post=1209"}],"wp:attachment":[{"href":"https:\/\/lemmaco.com\/hu\/wp-json\/wp\/v2\/media?parent=1209"}],"wp:term":[{"taxonomy":"product_cat","embeddable":true,"href":"https:\/\/lemmaco.com\/hu\/wp-json\/wp\/v2\/product_cat?post=1209"},{"taxonomy":"product_tag","embeddable":true,"href":"https:\/\/lemmaco.com\/hu\/wp-json\/wp\/v2\/product_tag?post=1209"}],"curies":[{"name":"wp","href":"https:\/\/api.w.org\/{rel}","templated":true}]}}