{"id":1201,"date":"2023-04-06T08:09:57","date_gmt":"2023-04-06T08:09:57","guid":{"rendered":"https:\/\/lemmaco.com\/product\/wet-velvet-touch\/"},"modified":"2024-03-14T15:28:03","modified_gmt":"2024-03-14T15:28:03","slug":"wet-velvet-touch","status":"publish","type":"product","link":"https:\/\/lemmaco.com\/hu\/termek\/wet-velvet-touch\/","title":{"rendered":"Hideg Velvet Touch f\u00f3lia"},"content":{"rendered":"<p>Speci\u00e1lis f\u00f3lia velvet touch hat\u00e1ssal (sima \u00e9s b\u00e1rsonyos tapint\u00e1s). A nyomat\u00a0 eredeti Pantone sz\u00edn\u00e9t kiemeli, \u00e9l\u00e9nkebb\u00e9 teszi.<\/p>\n","protected":false},"excerpt":{"rendered":"<p>Speci\u00e1lis f\u00f3lia velvet touch hat\u00e1ssal (sima \u00e9s b\u00e1rsonyos tapint\u00e1s). A nyomat\u00a0 eredeti Pantone sz\u00edn\u00e9t kiemeli, \u00e9l\u00e9nkebb\u00e9 teszi.<\/p>\n","protected":false},"featured_media":0,"comment_status":"open","ping_status":"closed","template":"","meta":{"om_disable_all_campaigns":false,"_monsterinsights_skip_tracking":false,"_monsterinsights_sitenote_active":false,"_monsterinsights_sitenote_note":"","_monsterinsights_sitenote_category":0},"product_cat":[156],"product_tag":[],"class_list":{"0":"post-1201","1":"product","2":"type-product","3":"status-publish","5":"product_cat-hideg-foliak","7":"first","8":"instock","9":"shipping-taxable","10":"product-type-simple"},"acf":[],"aioseo_notices":[],"_links":{"self":[{"href":"https:\/\/lemmaco.com\/hu\/wp-json\/wp\/v2\/product\/1201","targetHints":{"allow":["GET"]}}],"collection":[{"href":"https:\/\/lemmaco.com\/hu\/wp-json\/wp\/v2\/product"}],"about":[{"href":"https:\/\/lemmaco.com\/hu\/wp-json\/wp\/v2\/types\/product"}],"replies":[{"embeddable":true,"href":"https:\/\/lemmaco.com\/hu\/wp-json\/wp\/v2\/comments?post=1201"}],"wp:attachment":[{"href":"https:\/\/lemmaco.com\/hu\/wp-json\/wp\/v2\/media?parent=1201"}],"wp:term":[{"taxonomy":"product_cat","embeddable":true,"href":"https:\/\/lemmaco.com\/hu\/wp-json\/wp\/v2\/product_cat?post=1201"},{"taxonomy":"product_tag","embeddable":true,"href":"https:\/\/lemmaco.com\/hu\/wp-json\/wp\/v2\/product_tag?post=1201"}],"curies":[{"name":"wp","href":"https:\/\/api.w.org\/{rel}","templated":true}]}}