{"id":1185,"date":"2023-05-02T12:49:41","date_gmt":"2023-05-02T12:49:41","guid":{"rendered":"https:\/\/lemmaco.com\/product\/wet-anti-scratch\/"},"modified":"2024-03-13T16:21:46","modified_gmt":"2024-03-13T16:21:46","slug":"wet-anti-scratch","status":"publish","type":"product","link":"https:\/\/lemmaco.com\/hu\/termek\/wet-anti-scratch\/","title":{"rendered":"Hideg Karcmentes f\u00f3lia"},"content":{"rendered":"<p>Egyik oldalon EVA, m\u00e1sik oldal\u00e1n karc\u00e1ll\u00f3 bevonat\u00fa polipropil\u00e9n hideg lamin\u00e1l\u00f3 f\u00f3lia. K\u00edv\u00e1l\u00f3 tapad\u00e1s, magas karc\u00e1ll\u00f3s\u00e1g \u00e9s matt karakter jellemzi.<\/p>\n","protected":false},"excerpt":{"rendered":"<p>Egyik oldalon EVA, m\u00e1sik oldal\u00e1n karc\u00e1ll\u00f3 bevonat\u00fa polipropil\u00e9n hideg lamin\u00e1l\u00f3 f\u00f3lia. K\u00edv\u00e1l\u00f3 tapad\u00e1s, magas karc\u00e1ll\u00f3s\u00e1g \u00e9s matt karakter jellemzi.<\/p>\n","protected":false},"featured_media":0,"comment_status":"open","ping_status":"closed","template":"","meta":{"om_disable_all_campaigns":false,"_monsterinsights_skip_tracking":false,"_monsterinsights_sitenote_active":false,"_monsterinsights_sitenote_note":"","_monsterinsights_sitenote_category":0},"product_cat":[156],"product_tag":[],"class_list":{"0":"post-1185","1":"product","2":"type-product","3":"status-publish","5":"product_cat-hideg-foliak","7":"first","8":"instock","9":"shipping-taxable","10":"product-type-simple"},"acf":[],"aioseo_notices":[],"_links":{"self":[{"href":"https:\/\/lemmaco.com\/hu\/wp-json\/wp\/v2\/product\/1185","targetHints":{"allow":["GET"]}}],"collection":[{"href":"https:\/\/lemmaco.com\/hu\/wp-json\/wp\/v2\/product"}],"about":[{"href":"https:\/\/lemmaco.com\/hu\/wp-json\/wp\/v2\/types\/product"}],"replies":[{"embeddable":true,"href":"https:\/\/lemmaco.com\/hu\/wp-json\/wp\/v2\/comments?post=1185"}],"wp:attachment":[{"href":"https:\/\/lemmaco.com\/hu\/wp-json\/wp\/v2\/media?parent=1185"}],"wp:term":[{"taxonomy":"product_cat","embeddable":true,"href":"https:\/\/lemmaco.com\/hu\/wp-json\/wp\/v2\/product_cat?post=1185"},{"taxonomy":"product_tag","embeddable":true,"href":"https:\/\/lemmaco.com\/hu\/wp-json\/wp\/v2\/product_tag?post=1185"}],"curies":[{"name":"wp","href":"https:\/\/api.w.org\/{rel}","templated":true}]}}