{"id":1164,"date":"2023-05-03T08:14:10","date_gmt":"2023-05-03T08:14:10","guid":{"rendered":"https:\/\/lemmaco.com\/product\/sl\/"},"modified":"2024-02-05T00:01:54","modified_gmt":"2024-02-05T00:01:54","slug":"sl","status":"publish","type":"product","link":"https:\/\/lemmaco.com\/hu\/termek\/sl\/","title":{"rendered":"SL"},"content":{"rendered":"<p>Sz\u00e9les felhaszn\u00e1l\u00e1si ter\u00fcleten alkalmazhat\u00f3, k\u00f6nnyen tapad\u00f3 metaliz\u00e1lt f\u00f3lia.<\/p>\n","protected":false},"excerpt":{"rendered":"<p>Sz\u00e9les felhaszn\u00e1l\u00e1si ter\u00fcleten alkalmazhat\u00f3, k\u00f6nnyen tapad\u00f3 metaliz\u00e1lt f\u00f3lia.<\/p>\n","protected":false},"featured_media":0,"comment_status":"open","ping_status":"closed","template":"","meta":{"om_disable_all_campaigns":false,"_monsterinsights_skip_tracking":false,"_monsterinsights_sitenote_active":false,"_monsterinsights_sitenote_note":"","_monsterinsights_sitenote_category":0},"product_cat":[152],"product_tag":[],"class_list":{"0":"post-1164","1":"product","2":"type-product","3":"status-publish","5":"product_cat-metallizalt-foliak","7":"first","8":"instock","9":"shipping-taxable","10":"product-type-simple"},"acf":[],"aioseo_notices":[],"_links":{"self":[{"href":"https:\/\/lemmaco.com\/hu\/wp-json\/wp\/v2\/product\/1164","targetHints":{"allow":["GET"]}}],"collection":[{"href":"https:\/\/lemmaco.com\/hu\/wp-json\/wp\/v2\/product"}],"about":[{"href":"https:\/\/lemmaco.com\/hu\/wp-json\/wp\/v2\/types\/product"}],"replies":[{"embeddable":true,"href":"https:\/\/lemmaco.com\/hu\/wp-json\/wp\/v2\/comments?post=1164"}],"wp:attachment":[{"href":"https:\/\/lemmaco.com\/hu\/wp-json\/wp\/v2\/media?parent=1164"}],"wp:term":[{"taxonomy":"product_cat","embeddable":true,"href":"https:\/\/lemmaco.com\/hu\/wp-json\/wp\/v2\/product_cat?post=1164"},{"taxonomy":"product_tag","embeddable":true,"href":"https:\/\/lemmaco.com\/hu\/wp-json\/wp\/v2\/product_tag?post=1164"}],"curies":[{"name":"wp","href":"https:\/\/api.w.org\/{rel}","templated":true}]}}