{"id":1159,"date":"2023-05-02T15:50:49","date_gmt":"2023-05-02T15:50:49","guid":{"rendered":"https:\/\/lemmaco.com\/product\/pbp\/"},"modified":"2024-02-04T23:58:20","modified_gmt":"2024-02-04T23:58:20","slug":"pbp","status":"publish","type":"product","link":"https:\/\/lemmaco.com\/hu\/termek\/pbp\/","title":{"rendered":"PBP"},"content":{"rendered":"<p>Pigmens f\u00f3lia k\u00f6nyvk\u00f6t\u00e9szeti \u00e9s grafikai c\u00e9lokra.<\/p>\n","protected":false},"excerpt":{"rendered":"<p>Pigmens f\u00f3lia k\u00f6nyvk\u00f6t\u00e9szeti \u00e9s grafikai c\u00e9lokra.<\/p>\n","protected":false},"featured_media":0,"comment_status":"open","ping_status":"closed","template":"","meta":{"om_disable_all_campaigns":false,"_monsterinsights_skip_tracking":false,"_monsterinsights_sitenote_active":false,"_monsterinsights_sitenote_note":"","_monsterinsights_sitenote_category":0},"product_cat":[153],"product_tag":[],"class_list":{"0":"post-1159","1":"product","2":"type-product","3":"status-publish","5":"product_cat-pigmens-foliak","7":"first","8":"instock","9":"shipping-taxable","10":"product-type-simple"},"acf":[],"aioseo_notices":[],"_links":{"self":[{"href":"https:\/\/lemmaco.com\/hu\/wp-json\/wp\/v2\/product\/1159","targetHints":{"allow":["GET"]}}],"collection":[{"href":"https:\/\/lemmaco.com\/hu\/wp-json\/wp\/v2\/product"}],"about":[{"href":"https:\/\/lemmaco.com\/hu\/wp-json\/wp\/v2\/types\/product"}],"replies":[{"embeddable":true,"href":"https:\/\/lemmaco.com\/hu\/wp-json\/wp\/v2\/comments?post=1159"}],"wp:attachment":[{"href":"https:\/\/lemmaco.com\/hu\/wp-json\/wp\/v2\/media?parent=1159"}],"wp:term":[{"taxonomy":"product_cat","embeddable":true,"href":"https:\/\/lemmaco.com\/hu\/wp-json\/wp\/v2\/product_cat?post=1159"},{"taxonomy":"product_tag","embeddable":true,"href":"https:\/\/lemmaco.com\/hu\/wp-json\/wp\/v2\/product_tag?post=1159"}],"curies":[{"name":"wp","href":"https:\/\/api.w.org\/{rel}","templated":true}]}}