{"id":1154,"date":"2023-05-02T15:49:50","date_gmt":"2023-05-02T15:49:50","guid":{"rendered":"https:\/\/lemmaco.com\/product\/op-plus\/"},"modified":"2024-02-04T23:56:25","modified_gmt":"2024-02-04T23:56:25","slug":"op-plus","status":"publish","type":"product","link":"https:\/\/lemmaco.com\/hu\/termek\/op-plus\/","title":{"rendered":"OP Plus"},"content":{"rendered":"<p>Fel\u00fclnyomtathat\u00f3 \u00e9s UV lakkozott fel\u00fcleten is alkalmazhat\u00f3, v\u00e9kony \u00e9s k\u00f6zepes vastags\u00e1g\u00fa nyomatok pr\u00e9gel\u00e9s\u00e9hez kifejlesztett karc \u00e9s d\u00f6rzs\u00e1ll\u00f3 metaliz\u00e1lt f\u00f3lia.<\/p>\n","protected":false},"excerpt":{"rendered":"<p>Fel\u00fclnyomtathat\u00f3 \u00e9s UV lakkozott fel\u00fcleten is alkalmazhat\u00f3, v\u00e9kony \u00e9s k\u00f6zepes vastags\u00e1g\u00fa nyomatok pr\u00e9gel\u00e9s\u00e9hez kifejlesztett karc \u00e9s d\u00f6rzs\u00e1ll\u00f3 metaliz\u00e1lt f\u00f3lia.<\/p>\n","protected":false},"featured_media":0,"comment_status":"open","ping_status":"closed","template":"","meta":{"om_disable_all_campaigns":false,"_monsterinsights_skip_tracking":false,"_monsterinsights_sitenote_active":false,"_monsterinsights_sitenote_note":"","_monsterinsights_sitenote_category":0},"product_cat":[152],"product_tag":[],"class_list":{"0":"post-1154","1":"product","2":"type-product","3":"status-publish","5":"product_cat-metallizalt-foliak","7":"first","8":"instock","9":"shipping-taxable","10":"product-type-simple"},"acf":[],"aioseo_notices":[],"_links":{"self":[{"href":"https:\/\/lemmaco.com\/hu\/wp-json\/wp\/v2\/product\/1154","targetHints":{"allow":["GET"]}}],"collection":[{"href":"https:\/\/lemmaco.com\/hu\/wp-json\/wp\/v2\/product"}],"about":[{"href":"https:\/\/lemmaco.com\/hu\/wp-json\/wp\/v2\/types\/product"}],"replies":[{"embeddable":true,"href":"https:\/\/lemmaco.com\/hu\/wp-json\/wp\/v2\/comments?post=1154"}],"wp:attachment":[{"href":"https:\/\/lemmaco.com\/hu\/wp-json\/wp\/v2\/media?parent=1154"}],"wp:term":[{"taxonomy":"product_cat","embeddable":true,"href":"https:\/\/lemmaco.com\/hu\/wp-json\/wp\/v2\/product_cat?post=1154"},{"taxonomy":"product_tag","embeddable":true,"href":"https:\/\/lemmaco.com\/hu\/wp-json\/wp\/v2\/product_tag?post=1154"}],"curies":[{"name":"wp","href":"https:\/\/api.w.org\/{rel}","templated":true}]}}