{"id":1131,"date":"2023-05-02T15:46:06","date_gmt":"2023-05-02T15:46:06","guid":{"rendered":"https:\/\/lemmaco.com\/product\/kfa\/"},"modified":"2024-02-04T23:43:29","modified_gmt":"2024-02-04T23:43:29","slug":"kfa","status":"publish","type":"product","link":"https:\/\/lemmaco.com\/hu\/termek\/kfa\/","title":{"rendered":"KFA"},"content":{"rendered":"<p>Magas f\u00e9ny\u0171, kiv\u00e1l\u00f3 fed\u00e9st, nagy sebess\u00e9g\u0171 felhaszn\u00e1l\u00e1si lehet\u0151s\u00e9geket biztos\u00edt\u00f3, fel\u00fclnyomtathat\u00f3 hideg f\u00f3lia.<\/p>\n","protected":false},"excerpt":{"rendered":"<p>Magas f\u00e9ny\u0171, kiv\u00e1l\u00f3 fed\u00e9st, nagy sebess\u00e9g\u0171 felhaszn\u00e1l\u00e1si lehet\u0151s\u00e9geket biztos\u00edt\u00f3, fel\u00fclnyomtathat\u00f3 hideg f\u00f3lia.<\/p>\n","protected":false},"featured_media":0,"comment_status":"open","ping_status":"closed","template":"","meta":{"om_disable_all_campaigns":false,"_monsterinsights_skip_tracking":false,"_monsterinsights_sitenote_active":false,"_monsterinsights_sitenote_note":"","_monsterinsights_sitenote_category":0},"product_cat":[145],"product_tag":[],"class_list":{"0":"post-1131","1":"product","2":"type-product","3":"status-publish","5":"product_cat-foliak-flexo-technologiahoz","7":"first","8":"instock","9":"shipping-taxable","10":"product-type-simple"},"acf":[],"aioseo_notices":[],"_links":{"self":[{"href":"https:\/\/lemmaco.com\/hu\/wp-json\/wp\/v2\/product\/1131","targetHints":{"allow":["GET"]}}],"collection":[{"href":"https:\/\/lemmaco.com\/hu\/wp-json\/wp\/v2\/product"}],"about":[{"href":"https:\/\/lemmaco.com\/hu\/wp-json\/wp\/v2\/types\/product"}],"replies":[{"embeddable":true,"href":"https:\/\/lemmaco.com\/hu\/wp-json\/wp\/v2\/comments?post=1131"}],"wp:attachment":[{"href":"https:\/\/lemmaco.com\/hu\/wp-json\/wp\/v2\/media?parent=1131"}],"wp:term":[{"taxonomy":"product_cat","embeddable":true,"href":"https:\/\/lemmaco.com\/hu\/wp-json\/wp\/v2\/product_cat?post=1131"},{"taxonomy":"product_tag","embeddable":true,"href":"https:\/\/lemmaco.com\/hu\/wp-json\/wp\/v2\/product_tag?post=1131"}],"curies":[{"name":"wp","href":"https:\/\/api.w.org\/{rel}","templated":true}]}}