{"id":1109,"date":"2023-05-02T15:41:42","date_gmt":"2023-05-02T15:41:42","guid":{"rendered":"https:\/\/lemmaco.com\/product\/gpx\/"},"modified":"2024-02-04T23:34:51","modified_gmt":"2024-02-04T23:34:51","slug":"gpx","status":"publish","type":"product","link":"https:\/\/lemmaco.com\/hu\/termek\/gpx\/","title":{"rendered":"GPX"},"content":{"rendered":"<p>Sokoldal\u00faan felhaszn\u00e1lhat\u00f3, bevont, bevonatlan pap\u00edrok, kartonok, b\u0151r, PVC OPP, PE, vinyl, PET, PA(nylon) polar alapanyagok pr\u00e9gel\u00e9s\u00e9re. A matt nyomat karc, folt \u00e9s d\u00f6rzs\u00e1ll\u00f3, ellen\u00e1ll a nedvess\u00e9gnek \u00e9s a fagyos k\u00f6rnyezetnek.<\/p>\n","protected":false},"excerpt":{"rendered":"<p>Sokoldal\u00faan felhaszn\u00e1lhat\u00f3, bevont, bevonatlan pap\u00edrok, kartonok, b\u0151r, PVC OPP, PE, vinyl, PET, PA(nylon) polar alapanyagok pr\u00e9gel\u00e9s\u00e9re. A matt nyomat karc, folt \u00e9s d\u00f6rzs\u00e1ll\u00f3, ellen\u00e1ll a nedvess\u00e9gnek \u00e9s a fagyos k\u00f6rnyezetnek.<\/p>\n","protected":false},"featured_media":0,"comment_status":"open","ping_status":"closed","template":"","meta":{"om_disable_all_campaigns":false,"_monsterinsights_skip_tracking":false,"_monsterinsights_sitenote_active":false,"_monsterinsights_sitenote_note":"","_monsterinsights_sitenote_category":0},"product_cat":[138,153],"product_tag":[],"class_list":{"0":"post-1109","1":"product","2":"type-product","3":"status-publish","5":"product_cat-kodolo-foliak","6":"product_cat-pigmens-foliak","8":"first","9":"instock","10":"shipping-taxable","11":"product-type-simple"},"acf":[],"aioseo_notices":[],"_links":{"self":[{"href":"https:\/\/lemmaco.com\/hu\/wp-json\/wp\/v2\/product\/1109","targetHints":{"allow":["GET"]}}],"collection":[{"href":"https:\/\/lemmaco.com\/hu\/wp-json\/wp\/v2\/product"}],"about":[{"href":"https:\/\/lemmaco.com\/hu\/wp-json\/wp\/v2\/types\/product"}],"replies":[{"embeddable":true,"href":"https:\/\/lemmaco.com\/hu\/wp-json\/wp\/v2\/comments?post=1109"}],"wp:attachment":[{"href":"https:\/\/lemmaco.com\/hu\/wp-json\/wp\/v2\/media?parent=1109"}],"wp:term":[{"taxonomy":"product_cat","embeddable":true,"href":"https:\/\/lemmaco.com\/hu\/wp-json\/wp\/v2\/product_cat?post=1109"},{"taxonomy":"product_tag","embeddable":true,"href":"https:\/\/lemmaco.com\/hu\/wp-json\/wp\/v2\/product_tag?post=1109"}],"curies":[{"name":"wp","href":"https:\/\/api.w.org\/{rel}","templated":true}]}}