{"id":1096,"date":"2023-04-21T08:06:06","date_gmt":"2023-04-21T08:06:06","guid":{"rendered":"https:\/\/lemmaco.com\/product\/bb\/"},"modified":"2024-02-04T23:29:39","modified_gmt":"2024-02-04T23:29:39","slug":"bb","status":"publish","type":"product","link":"https:\/\/lemmaco.com\/hu\/termek\/bb\/","title":{"rendered":"BB"},"content":{"rendered":"<p>A BB sz\u00e9ria sz\u00e9les k\u00f6rben alkalmazhat\u00f3 term\u00e9k, mely kifejezetten k\u00f6nyvk\u00f6t\u00e9szeti anyagokra aj\u00e1nlott, mindemellett k\u00f6zepesen \u00e9s er\u0151sen durva fel\u00fcletekre is kiv\u00e1l\u00f3.<\/p>\n","protected":false},"excerpt":{"rendered":"<p>A BB sz\u00e9ria sz\u00e9les k\u00f6rben alkalmazhat\u00f3 term\u00e9k, mely kifejezetten k\u00f6nyvk\u00f6t\u00e9szeti anyagokra aj\u00e1nlott, mindemellett k\u00f6zepesen \u00e9s er\u0151sen durva fel\u00fcletekre is kiv\u00e1l\u00f3.<\/p>\n","protected":false},"featured_media":0,"comment_status":"open","ping_status":"closed","template":"","meta":{"om_disable_all_campaigns":false,"_monsterinsights_skip_tracking":false,"_monsterinsights_sitenote_active":false,"_monsterinsights_sitenote_note":"","_monsterinsights_sitenote_category":0},"product_cat":[152],"product_tag":[],"class_list":{"0":"post-1096","1":"product","2":"type-product","3":"status-publish","5":"product_cat-metallizalt-foliak","7":"first","8":"instock","9":"shipping-taxable","10":"product-type-simple"},"acf":[],"aioseo_notices":[],"_links":{"self":[{"href":"https:\/\/lemmaco.com\/hu\/wp-json\/wp\/v2\/product\/1096","targetHints":{"allow":["GET"]}}],"collection":[{"href":"https:\/\/lemmaco.com\/hu\/wp-json\/wp\/v2\/product"}],"about":[{"href":"https:\/\/lemmaco.com\/hu\/wp-json\/wp\/v2\/types\/product"}],"replies":[{"embeddable":true,"href":"https:\/\/lemmaco.com\/hu\/wp-json\/wp\/v2\/comments?post=1096"}],"wp:attachment":[{"href":"https:\/\/lemmaco.com\/hu\/wp-json\/wp\/v2\/media?parent=1096"}],"wp:term":[{"taxonomy":"product_cat","embeddable":true,"href":"https:\/\/lemmaco.com\/hu\/wp-json\/wp\/v2\/product_cat?post=1096"},{"taxonomy":"product_tag","embeddable":true,"href":"https:\/\/lemmaco.com\/hu\/wp-json\/wp\/v2\/product_tag?post=1096"}],"curies":[{"name":"wp","href":"https:\/\/api.w.org\/{rel}","templated":true}]}}