{"id":1074,"date":"2023-04-04T13:36:30","date_gmt":"2023-04-04T13:36:30","guid":{"rendered":"https:\/\/lemmaco.com\/product\/pe-gloss-clear\/"},"modified":"2024-03-18T21:48:02","modified_gmt":"2024-03-18T21:48:02","slug":"pe-gloss-clear","status":"publish","type":"product","link":"https:\/\/lemmaco.com\/hu\/termek\/pe-gloss-clear\/","title":{"rendered":"PE Gloss Clear"},"content":{"rendered":"<p>F\u00e9nyes, \u00e1tl\u00e1tsz\u00f3 bevont polietil\u00e9n c\u00edmke akril ragaszt\u00f3val, er\u0151s tapad\u00e1si tulajdons\u00e1gokkal\u00a0 apol\u00e1ris fel\u00fcleteken is.<\/p>\n<p>Rugalmas c\u00edmk\u00e9khez aj\u00e1nlott a kozmetikai, test\u00e1pol\u00e1si \u00e9s h\u00e1ztart\u00e1si term\u00e9kek ter\u00fclet\u00e9n. A bevonat \u00e9s a ragaszt\u00f3anyag teljes m\u00e9rt\u00e9kben megfelel az \u00e9lelmiszeripar k\u00f6vetelm\u00e9nyeinek. Alkalmas flexo, ofszet, szita, hot stamping \u00e9s TTR nyomtat\u00e1sra.<\/p>\n","protected":false},"excerpt":{"rendered":"<p>F\u00e9nyes, \u00e1tl\u00e1tsz\u00f3 bevont polietil\u00e9n c\u00edmke akril ragaszt\u00f3val, er\u0151s tapad\u00e1si tulajdons\u00e1gokkal\u00a0 apol\u00e1ris fel\u00fcleteken is. Rugalmas c\u00edmk\u00e9khez aj\u00e1nlott a kozmetikai, test\u00e1pol\u00e1si \u00e9s h\u00e1ztart\u00e1si term\u00e9kek ter\u00fclet\u00e9n. A bevonat \u00e9s a ragaszt\u00f3anyag teljes m\u00e9rt\u00e9kben megfelel az \u00e9lelmiszeripar k\u00f6vetelm\u00e9nyeinek. Alkalmas flexo, ofszet, szita, hot stamping \u00e9s TTR nyomtat\u00e1sra.<\/p>\n","protected":false},"featured_media":0,"comment_status":"open","ping_status":"closed","template":"","meta":{"om_disable_all_campaigns":false,"_monsterinsights_skip_tracking":false,"_monsterinsights_sitenote_active":false,"_monsterinsights_sitenote_note":"","_monsterinsights_sitenote_category":0},"product_cat":[137],"product_tag":[],"class_list":{"0":"post-1074","1":"product","2":"type-product","3":"status-publish","5":"product_cat-ontapado-cimkek","7":"first","8":"instock","9":"shipping-taxable","10":"product-type-simple"},"acf":[],"aioseo_notices":[],"_links":{"self":[{"href":"https:\/\/lemmaco.com\/hu\/wp-json\/wp\/v2\/product\/1074","targetHints":{"allow":["GET"]}}],"collection":[{"href":"https:\/\/lemmaco.com\/hu\/wp-json\/wp\/v2\/product"}],"about":[{"href":"https:\/\/lemmaco.com\/hu\/wp-json\/wp\/v2\/types\/product"}],"replies":[{"embeddable":true,"href":"https:\/\/lemmaco.com\/hu\/wp-json\/wp\/v2\/comments?post=1074"}],"wp:attachment":[{"href":"https:\/\/lemmaco.com\/hu\/wp-json\/wp\/v2\/media?parent=1074"}],"wp:term":[{"taxonomy":"product_cat","embeddable":true,"href":"https:\/\/lemmaco.com\/hu\/wp-json\/wp\/v2\/product_cat?post=1074"},{"taxonomy":"product_tag","embeddable":true,"href":"https:\/\/lemmaco.com\/hu\/wp-json\/wp\/v2\/product_tag?post=1074"}],"curies":[{"name":"wp","href":"https:\/\/api.w.org\/{rel}","templated":true}]}}