{"id":1058,"date":"2023-04-04T13:34:52","date_gmt":"2023-04-04T13:34:52","guid":{"rendered":"https:\/\/lemmaco.com\/product\/semi-gloss\/"},"modified":"2024-02-04T23:07:11","modified_gmt":"2024-02-04T23:07:11","slug":"semi-gloss","status":"publish","type":"product","link":"https:\/\/lemmaco.com\/hu\/termek\/semi-gloss\/","title":{"rendered":"Semi-gloss"},"content":{"rendered":"<p>Feh\u00e9r, f\u00e9nyes, bevont FSC tan\u00fas\u00edtv\u00e1nnyal rendelkez\u0151 pap\u00edr. Az \u00e1ltal\u00e1nos akril v\u00edzb\u00e1zis\u00fa ragaszt\u00f3 j\u00f3 tapad\u00e1st biztos\u00edt sokf\u00e9le alapanyagon, bele\u00e9rtve a nem pol\u00e1ris fel\u00fcleteket is.<\/p>\n<p>Ide\u00e1lis t\u00f6bbsz\u00edn\u0171 nyomatokhoz, amelyek kiv\u00e9teles kontrasztot \u00e9s nagy r\u00e9szletess\u00e9get ig\u00e9nyelnek.<\/p>\n<p>Alkalmas flexo, ofszet, szita, hot stamping \u00e9s TTR nyomtat\u00e1sra.<\/p>\n","protected":false},"excerpt":{"rendered":"<p>Feh\u00e9r, f\u00e9nyes, bevont FSC tan\u00fas\u00edtv\u00e1nnyal rendelkez\u0151 pap\u00edr. Az \u00e1ltal\u00e1nos akril v\u00edzb\u00e1zis\u00fa ragaszt\u00f3 j\u00f3 tapad\u00e1st biztos\u00edt sokf\u00e9le alapanyagon, bele\u00e9rtve a nem pol\u00e1ris fel\u00fcleteket is. Ide\u00e1lis t\u00f6bbsz\u00edn\u0171 nyomatokhoz, amelyek kiv\u00e9teles kontrasztot \u00e9s nagy r\u00e9szletess\u00e9get ig\u00e9nyelnek. Alkalmas flexo, ofszet, szita, hot stamping \u00e9s TTR nyomtat\u00e1sra.<\/p>\n","protected":false},"featured_media":0,"comment_status":"open","ping_status":"closed","template":"","meta":{"om_disable_all_campaigns":false,"_monsterinsights_skip_tracking":false,"_monsterinsights_sitenote_active":false,"_monsterinsights_sitenote_note":"","_monsterinsights_sitenote_category":0},"product_cat":[137],"product_tag":[],"class_list":{"0":"post-1058","1":"product","2":"type-product","3":"status-publish","5":"product_cat-ontapado-cimkek","7":"first","8":"instock","9":"shipping-taxable","10":"product-type-simple"},"acf":[],"aioseo_notices":[],"_links":{"self":[{"href":"https:\/\/lemmaco.com\/hu\/wp-json\/wp\/v2\/product\/1058","targetHints":{"allow":["GET"]}}],"collection":[{"href":"https:\/\/lemmaco.com\/hu\/wp-json\/wp\/v2\/product"}],"about":[{"href":"https:\/\/lemmaco.com\/hu\/wp-json\/wp\/v2\/types\/product"}],"replies":[{"embeddable":true,"href":"https:\/\/lemmaco.com\/hu\/wp-json\/wp\/v2\/comments?post=1058"}],"wp:attachment":[{"href":"https:\/\/lemmaco.com\/hu\/wp-json\/wp\/v2\/media?parent=1058"}],"wp:term":[{"taxonomy":"product_cat","embeddable":true,"href":"https:\/\/lemmaco.com\/hu\/wp-json\/wp\/v2\/product_cat?post=1058"},{"taxonomy":"product_tag","embeddable":true,"href":"https:\/\/lemmaco.com\/hu\/wp-json\/wp\/v2\/product_tag?post=1058"}],"curies":[{"name":"wp","href":"https:\/\/api.w.org\/{rel}","templated":true}]}}