{"id":1052,"date":"2023-04-04T13:30:19","date_gmt":"2023-04-04T13:30:19","guid":{"rendered":"https:\/\/lemmaco.com\/product\/vellum\/"},"modified":"2024-02-04T23:04:18","modified_gmt":"2024-02-04T23:04:18","slug":"vellum","status":"publish","type":"product","link":"https:\/\/lemmaco.com\/hu\/termek\/vellum\/","title":{"rendered":"Vellum"},"content":{"rendered":"<p>\u00c1ltal\u00e1nos, univerz\u00e1lis, feh\u00e9r sim\u00edtott pap\u00edr FSC tan\u00fas\u00edtv\u00e1nnyal. Az \u00e1ltal\u00e1nos tart\u00f3s akril v\u00edzb\u00e1zis\u00fa ragaszt\u00f3 j\u00f3 tapad\u00e1st biztos\u00edt sokf\u00e9le alapanyagon, bele\u00e9rtve a nem pol\u00e1ris fel\u00fcleteket is. J\u00f3l alkalmazhat\u00f3 alacsony h\u0151m\u00e9rs\u00e9kleten. Kiv\u00e1l\u00f3 nyomtathat\u00f3s\u00e1g minden hagyom\u00e1nyos nyomtat\u00f3rendszerrel. Ide\u00e1lis EDP alkalmaz\u00e1sokhoz \u00e9s TTR nyomtat\u00e1shoz<\/p>\n<p>Alkalmas flexo, ofszet, szita, hotstamping \u00e9s TTR nyomtat\u00e1shoz.<\/p>\n","protected":false},"excerpt":{"rendered":"<p>\u00c1ltal\u00e1nos, univerz\u00e1lis, feh\u00e9r sim\u00edtott pap\u00edr FSC tan\u00fas\u00edtv\u00e1nnyal. Az \u00e1ltal\u00e1nos tart\u00f3s akril v\u00edzb\u00e1zis\u00fa ragaszt\u00f3 j\u00f3 tapad\u00e1st biztos\u00edt sokf\u00e9le alapanyagon, bele\u00e9rtve a nem pol\u00e1ris fel\u00fcleteket is. J\u00f3l alkalmazhat\u00f3 alacsony h\u0151m\u00e9rs\u00e9kleten. Kiv\u00e1l\u00f3 nyomtathat\u00f3s\u00e1g minden hagyom\u00e1nyos nyomtat\u00f3rendszerrel. Ide\u00e1lis EDP alkalmaz\u00e1sokhoz \u00e9s TTR nyomtat\u00e1shoz Alkalmas flexo, ofszet, szita, hotstamping \u00e9s TTR nyomtat\u00e1shoz.<\/p>\n","protected":false},"featured_media":0,"comment_status":"open","ping_status":"closed","template":"","meta":{"om_disable_all_campaigns":false,"_monsterinsights_skip_tracking":false,"_monsterinsights_sitenote_active":false,"_monsterinsights_sitenote_note":"","_monsterinsights_sitenote_category":0},"product_cat":[137],"product_tag":[],"class_list":{"0":"post-1052","1":"product","2":"type-product","3":"status-publish","5":"product_cat-ontapado-cimkek","7":"first","8":"instock","9":"shipping-taxable","10":"product-type-simple"},"acf":[],"aioseo_notices":[],"_links":{"self":[{"href":"https:\/\/lemmaco.com\/hu\/wp-json\/wp\/v2\/product\/1052","targetHints":{"allow":["GET"]}}],"collection":[{"href":"https:\/\/lemmaco.com\/hu\/wp-json\/wp\/v2\/product"}],"about":[{"href":"https:\/\/lemmaco.com\/hu\/wp-json\/wp\/v2\/types\/product"}],"replies":[{"embeddable":true,"href":"https:\/\/lemmaco.com\/hu\/wp-json\/wp\/v2\/comments?post=1052"}],"wp:attachment":[{"href":"https:\/\/lemmaco.com\/hu\/wp-json\/wp\/v2\/media?parent=1052"}],"wp:term":[{"taxonomy":"product_cat","embeddable":true,"href":"https:\/\/lemmaco.com\/hu\/wp-json\/wp\/v2\/product_cat?post=1052"},{"taxonomy":"product_tag","embeddable":true,"href":"https:\/\/lemmaco.com\/hu\/wp-json\/wp\/v2\/product_tag?post=1052"}],"curies":[{"name":"wp","href":"https:\/\/api.w.org\/{rel}","templated":true}]}}