{"id":1042,"date":"2023-03-21T12:50:57","date_gmt":"2023-03-21T12:50:57","guid":{"rendered":"https:\/\/lemmaco.com\/product\/ln-56\/"},"modified":"2024-02-15T11:34:08","modified_gmt":"2024-02-15T11:34:08","slug":"ln-56","status":"publish","type":"product","link":"https:\/\/lemmaco.com\/hu\/termek\/ln-56\/","title":{"rendered":"LN 56"},"content":{"rendered":"<p>Az LN 56 near edge nyomtat\u00f3khoz fejlesztett fest\u00e9kszalag mellyel rendk\u00edv\u00fcl gyors nyomtat\u00e1si sebess\u00e9g \u00e9rhet\u0151 el. Flexibilis csomagol\u00e1sokhoz is ide\u00e1lis megold\u00e1s, figyelemre m\u00e9lt\u00f3 fed\u00e9s \u00e9s kiv\u00e1l\u00f3 kop\u00e1s\u00e1ll\u00f3s\u00e1g jellemzi az ezzel a szalaggal k\u00e9sz\u00fclt nyomatokat. Halog\u00e9nmentes \u00e9s antisztatikus tulajdons\u00e1gai k\u00f6nny\u0171 kezel\u00e9st, a nyomtat\u00f3fejnek pedig hosszabb \u00e9lettartamot biztos\u00edtanak.<\/p>\n","protected":false},"excerpt":{"rendered":"<p>Az LN 56 near edge nyomtat\u00f3khoz fejlesztett fest\u00e9kszalag mellyel rendk\u00edv\u00fcl gyors nyomtat\u00e1si sebess\u00e9g \u00e9rhet\u0151 el. Flexibilis csomagol\u00e1sokhoz is ide\u00e1lis megold\u00e1s, figyelemre m\u00e9lt\u00f3 fed\u00e9s \u00e9s kiv\u00e1l\u00f3 kop\u00e1s\u00e1ll\u00f3s\u00e1g jellemzi az ezzel a szalaggal k\u00e9sz\u00fclt nyomatokat. Halog\u00e9nmentes \u00e9s antisztatikus tulajdons\u00e1gai k\u00f6nny\u0171 kezel\u00e9st, a nyomtat\u00f3fejnek pedig hosszabb \u00e9lettartamot biztos\u00edtanak.<\/p>\n","protected":false},"featured_media":0,"comment_status":"open","ping_status":"closed","template":"","meta":{"om_disable_all_campaigns":false,"_monsterinsights_skip_tracking":false,"_monsterinsights_sitenote_active":false,"_monsterinsights_sitenote_note":"","_monsterinsights_sitenote_category":0},"product_cat":[141],"product_tag":[],"class_list":{"0":"post-1042","1":"product","2":"type-product","3":"status-publish","5":"product_cat-near-edge-szeriak","6":"pa_application-food-snack-coffee-dairy-beverages-hu","7":"pa_application-fresh-product-hu","8":"pa_application-flexible-packaging-hu","9":"pa_application-tickets-product-id-hu","11":"first","12":"instock","13":"shipping-taxable","14":"product-type-simple"},"acf":[],"aioseo_notices":[],"_links":{"self":[{"href":"https:\/\/lemmaco.com\/hu\/wp-json\/wp\/v2\/product\/1042","targetHints":{"allow":["GET"]}}],"collection":[{"href":"https:\/\/lemmaco.com\/hu\/wp-json\/wp\/v2\/product"}],"about":[{"href":"https:\/\/lemmaco.com\/hu\/wp-json\/wp\/v2\/types\/product"}],"replies":[{"embeddable":true,"href":"https:\/\/lemmaco.com\/hu\/wp-json\/wp\/v2\/comments?post=1042"}],"wp:attachment":[{"href":"https:\/\/lemmaco.com\/hu\/wp-json\/wp\/v2\/media?parent=1042"}],"wp:term":[{"taxonomy":"product_cat","embeddable":true,"href":"https:\/\/lemmaco.com\/hu\/wp-json\/wp\/v2\/product_cat?post=1042"},{"taxonomy":"product_tag","embeddable":true,"href":"https:\/\/lemmaco.com\/hu\/wp-json\/wp\/v2\/product_tag?post=1042"}],"curies":[{"name":"wp","href":"https:\/\/api.w.org\/{rel}","templated":true}]}}